{"id":1747,"date":"2022-04-21T15:56:17","date_gmt":"2022-04-21T13:56:17","guid":{"rendered":"https:\/\/trustedimplementation.com\/dienstleistungen\/beratung\/"},"modified":"2022-08-22T14:29:45","modified_gmt":"2022-08-22T12:29:45","slug":"beratung","status":"publish","type":"page","link":"https:\/\/trustedimplementation.com\/de\/dienstleistungen\/beratung\/","title":{"rendered":"Beratung"},"content":{"rendered":"<p>[vc_row gap=&#8220;35&#8243;][vc_column width=&#8220;1\/4&#8243; offset=&#8220;vc_hidden-sm vc_hidden-xs&#8220;]<style type=\"text\/css\" data-type=\"the7_shortcodes-inline-css\">#default-btn-dd5d22ff428c619b18d8d95b35865c29 {\n  border-radius: 0px;\n  font-size: 20px;\n  line-height: 22px;\n}\n.btn-shadow#default-btn-dd5d22ff428c619b18d8d95b35865c29 {\n  box-shadow: 0 1px 6px rgba(0,0,0,0.12);\n  transition: box-shadow 0.2s ease-out, opacity 0.45s;\n}\n.btn-shadow#default-btn-dd5d22ff428c619b18d8d95b35865c29:hover {\n  box-shadow: 0 5px 11px 0 rgba(0,0,0,0.18), 0 4px 15px 0 rgba(0,0,0,0.15);\n}\n.btn-3d#default-btn-dd5d22ff428c619b18d8d95b35865c29 {\n  box-shadow: 0px 2px 0px 0px #bd3934;\n}\n.btn-3d#default-btn-dd5d22ff428c619b18d8d95b35865c29:hover {\n  box-shadow: 0px 2px 0px 0px #000000;\n}\n.btn-flat#default-btn-dd5d22ff428c619b18d8d95b35865c29 {\n  box-shadow: none;\n}\n.btn-flat#default-btn-dd5d22ff428c619b18d8d95b35865c29:hover {\n  box-shadow: none;\n}\n#default-btn-dd5d22ff428c619b18d8d95b35865c29.ico-right-side > i {\n  margin-right: 0px;\n  margin-left: 8px;\n}\n#default-btn-dd5d22ff428c619b18d8d95b35865c29 > i {\n  margin-right: 8px;\n  font-size: 12px;\n}\n#default-btn-dd5d22ff428c619b18d8d95b35865c29:not(:hover) {\n  border-width: 0px;\n  color: #ffffff;\n  background: #e74d47 !important;\n  padding: 50px 10px 50px 10px;\n}\n#default-btn-dd5d22ff428c619b18d8d95b35865c29:not(:hover) * {\n  color: #ffffff;\n}\n#default-btn-dd5d22ff428c619b18d8d95b35865c29:hover {\n  border-width: 0px;\n  color: #e74d47;\n  background: #000000 !important;\n  padding: 50px 10px 50px 10px;\n}\n#default-btn-dd5d22ff428c619b18d8d95b35865c29:hover * {\n  color: #e74d47;\n}\n#default-btn-dd5d22ff428c619b18d8d95b35865c29.ico-right-side > i {\n  margin-right: 0px;\n  margin-left: 8px;\n}\n#default-btn-dd5d22ff428c619b18d8d95b35865c29 > i {\n  margin-right: 8px;\n}\n<\/style><div class=\"btn-align-center\"><a href=\"\/de\/dienstleistungen\/planung\/\" class=\"default-btn-shortcode dt-btn link-hover-off font-delight btn-active full-width-btn btn-flat  vc_custom_1661171371975\" id=\"default-btn-dd5d22ff428c619b18d8d95b35865c29\" title=\"Planung\"><span>Planung<\/span><\/a><\/div><style type=\"text\/css\" data-type=\"the7_shortcodes-inline-css\">#default-btn-90c69ecc74451ab34dcddca37c7f2e52 {\n  border-radius: 0px;\n  font-size: 20px;\n  line-height: 22px;\n}\n.btn-shadow#default-btn-90c69ecc74451ab34dcddca37c7f2e52 {\n  box-shadow: 0 1px 6px rgba(0,0,0,0.12);\n  transition: box-shadow 0.2s ease-out, opacity 0.45s;\n}\n.btn-shadow#default-btn-90c69ecc74451ab34dcddca37c7f2e52:hover {\n  box-shadow: 0 5px 11px 0 rgba(0,0,0,0.18), 0 4px 15px 0 rgba(0,0,0,0.15);\n}\n.btn-3d#default-btn-90c69ecc74451ab34dcddca37c7f2e52 {\n  box-shadow: 0px 2px 0px 0px #bd3934;\n}\n.btn-3d#default-btn-90c69ecc74451ab34dcddca37c7f2e52:hover {\n  box-shadow: 0px 2px 0px 0px #000000;\n}\n.btn-flat#default-btn-90c69ecc74451ab34dcddca37c7f2e52 {\n  box-shadow: none;\n}\n.btn-flat#default-btn-90c69ecc74451ab34dcddca37c7f2e52:hover {\n  box-shadow: none;\n}\n#default-btn-90c69ecc74451ab34dcddca37c7f2e52.ico-right-side > i {\n  margin-right: 0px;\n  margin-left: 8px;\n}\n#default-btn-90c69ecc74451ab34dcddca37c7f2e52 > i {\n  margin-right: 8px;\n  font-size: 12px;\n}\n#default-btn-90c69ecc74451ab34dcddca37c7f2e52:not(:hover) {\n  border-width: 0px;\n  color: #ffffff;\n  background: #e74d47 !important;\n  padding: 50px 10px 50px 10px;\n}\n#default-btn-90c69ecc74451ab34dcddca37c7f2e52:not(:hover) * {\n  color: #ffffff;\n}\n#default-btn-90c69ecc74451ab34dcddca37c7f2e52:hover {\n  border-width: 0px;\n  color: #e74d47;\n  background: #000000 !important;\n  padding: 50px 10px 50px 10px;\n}\n#default-btn-90c69ecc74451ab34dcddca37c7f2e52:hover * {\n  color: #e74d47;\n}\n#default-btn-90c69ecc74451ab34dcddca37c7f2e52.ico-right-side > i {\n  margin-right: 0px;\n  margin-left: 8px;\n}\n#default-btn-90c69ecc74451ab34dcddca37c7f2e52 > i {\n  margin-right: 8px;\n}\n<\/style><div class=\"btn-align-center\"><a href=\"https:\/\/trustedimplementation.com\/de\/dienstleistungen\/produktion\/\" class=\"default-btn-shortcode dt-btn link-hover-off font-delight full-width-btn btn-flat  vc_custom_1661171377675\" id=\"default-btn-90c69ecc74451ab34dcddca37c7f2e52\" title=\"Produktion\"><span>Produktion<\/span><\/a><\/div><style type=\"text\/css\" data-type=\"the7_shortcodes-inline-css\">#default-btn-10c0b8dad0390de90d7251e0876e3ccc {\n  border-radius: 0px;\n  font-size: 20px;\n  line-height: 22px;\n}\n.btn-shadow#default-btn-10c0b8dad0390de90d7251e0876e3ccc {\n  box-shadow: 0 1px 6px rgba(0,0,0,0.12);\n  transition: box-shadow 0.2s ease-out, opacity 0.45s;\n}\n.btn-shadow#default-btn-10c0b8dad0390de90d7251e0876e3ccc:hover {\n  box-shadow: 0 5px 11px 0 rgba(0,0,0,0.18), 0 4px 15px 0 rgba(0,0,0,0.15);\n}\n.btn-3d#default-btn-10c0b8dad0390de90d7251e0876e3ccc {\n  box-shadow: 0px 2px 0px 0px #bd3934;\n}\n.btn-3d#default-btn-10c0b8dad0390de90d7251e0876e3ccc:hover {\n  box-shadow: 0px 2px 0px 0px #000000;\n}\n.btn-flat#default-btn-10c0b8dad0390de90d7251e0876e3ccc {\n  box-shadow: none;\n}\n.btn-flat#default-btn-10c0b8dad0390de90d7251e0876e3ccc:hover {\n  box-shadow: none;\n}\n#default-btn-10c0b8dad0390de90d7251e0876e3ccc.ico-right-side > i {\n  margin-right: 0px;\n  margin-left: 8px;\n}\n#default-btn-10c0b8dad0390de90d7251e0876e3ccc > i {\n  margin-right: 8px;\n  font-size: 12px;\n}\n#default-btn-10c0b8dad0390de90d7251e0876e3ccc:not(:hover) {\n  border-width: 0px;\n  color: #ffffff;\n  background: #e74d47 !important;\n  padding: 50px 10px 50px 10px;\n}\n#default-btn-10c0b8dad0390de90d7251e0876e3ccc:not(:hover) * {\n  color: #ffffff;\n}\n#default-btn-10c0b8dad0390de90d7251e0876e3ccc:hover {\n  border-width: 0px;\n  color: #e74d47;\n  background: #000000 !important;\n  padding: 50px 10px 50px 10px;\n}\n#default-btn-10c0b8dad0390de90d7251e0876e3ccc:hover * {\n  color: #e74d47;\n}\n#default-btn-10c0b8dad0390de90d7251e0876e3ccc.ico-right-side > i {\n  margin-right: 0px;\n  margin-left: 8px;\n}\n#default-btn-10c0b8dad0390de90d7251e0876e3ccc > i {\n  margin-right: 8px;\n}\n<\/style><div class=\"btn-align-center\"><a href=\"https:\/\/trustedimplementation.com\/de\/dienstleistungen\/montage\/\" class=\"default-btn-shortcode dt-btn link-hover-off font-delight full-width-btn btn-flat  vc_custom_1661171383393\" id=\"default-btn-10c0b8dad0390de90d7251e0876e3ccc\" title=\"Montage\"><span>Montage<\/span><\/a><\/div><style type=\"text\/css\" data-type=\"the7_shortcodes-inline-css\">#default-btn-84fbfbbdda1ef1a4166ba35ae335b7d7 {\n  border-radius: 0px;\n  font-size: 20px;\n  line-height: 22px;\n}\n.btn-shadow#default-btn-84fbfbbdda1ef1a4166ba35ae335b7d7 {\n  box-shadow: 0 1px 6px rgba(0,0,0,0.12);\n  transition: box-shadow 0.2s ease-out, opacity 0.45s;\n}\n.btn-shadow#default-btn-84fbfbbdda1ef1a4166ba35ae335b7d7:hover {\n  box-shadow: 0 5px 11px 0 rgba(0,0,0,0.18), 0 4px 15px 0 rgba(0,0,0,0.15);\n}\n.btn-3d#default-btn-84fbfbbdda1ef1a4166ba35ae335b7d7 {\n  box-shadow: 0px 2px 0px 0px #000000;\n}\n.btn-3d#default-btn-84fbfbbdda1ef1a4166ba35ae335b7d7:hover {\n  box-shadow: 0px 2px 0px 0px #000000;\n}\n.btn-flat#default-btn-84fbfbbdda1ef1a4166ba35ae335b7d7 {\n  box-shadow: none;\n}\n.btn-flat#default-btn-84fbfbbdda1ef1a4166ba35ae335b7d7:hover {\n  box-shadow: none;\n}\n#default-btn-84fbfbbdda1ef1a4166ba35ae335b7d7.ico-right-side > i {\n  margin-right: 0px;\n  margin-left: 8px;\n}\n#default-btn-84fbfbbdda1ef1a4166ba35ae335b7d7 > i {\n  margin-right: 8px;\n  font-size: 12px;\n}\n#default-btn-84fbfbbdda1ef1a4166ba35ae335b7d7:not(:hover) {\n  border-width: 0px;\n  color: #e74d47;\n  background: #000000 !important;\n  padding: 50px 10px 50px 10px;\n}\n#default-btn-84fbfbbdda1ef1a4166ba35ae335b7d7:not(:hover) * {\n  color: #e74d47;\n}\n#default-btn-84fbfbbdda1ef1a4166ba35ae335b7d7:hover {\n  border-width: 0px;\n  color: #e74d47;\n  background: #000000 !important;\n  padding: 50px 10px 50px 10px;\n}\n#default-btn-84fbfbbdda1ef1a4166ba35ae335b7d7:hover * {\n  color: #e74d47;\n}\n#default-btn-84fbfbbdda1ef1a4166ba35ae335b7d7.ico-right-side > i {\n  margin-right: 0px;\n  margin-left: 8px;\n}\n#default-btn-84fbfbbdda1ef1a4166ba35ae335b7d7 > i {\n  margin-right: 8px;\n}\n<\/style><div class=\"btn-align-center\"><a href=\"#\" class=\"default-btn-shortcode dt-btn link-hover-off font-delight full-width-btn btn-flat  vc_custom_1659428529389\" id=\"default-btn-84fbfbbdda1ef1a4166ba35ae335b7d7\"><span>Beratung<\/span><\/a><\/div>[\/vc_column][vc_column offset=&#8220;vc_col-md-9&#8243;][vc_column_text]<\/p>\n<h2>Beratung<\/h2>\n<p>Die Wirtschaftskrise nach der COVID-19-Pandemie erfordert seitens der Hersteller von Werbemit-teln neue Ans\u00e4tze und Strategien. Da sowohl Pandemie als auch die anschlie\u00dfende wirtschaftliche Krise sich ganz unterschiedlich auf die Kaufentscheidungen von Kunden ausgewirkt haben, musste auch die Point-of-Sale-Werbung an die neuen Gegebenheiten angepasst werden. Um diesen neu-en Herausforderungen gerecht zu werden, arbeiten wir besonders in der Beratung eng mit unse-ren Kunden zusammen.[\/vc_column_text]<style type=\"text\/css\" data-type=\"the7_shortcodes-inline-css\">.shortcode-single-image-wrap.shortcode-single-image-a4fca189981349433339c6dd0714b832.enable-bg-rollover .rollover i,\n.shortcode-single-image-wrap.shortcode-single-image-a4fca189981349433339c6dd0714b832.enable-bg-rollover .rollover-video i {\n  background: -webkit-linear-gradient();\n  background: linear-gradient();\n}\n.shortcode-single-image-wrap.shortcode-single-image-a4fca189981349433339c6dd0714b832 .rollover-icon {\n  font-size: 32px;\n  color: #ffffff;\n  min-width: 44px;\n  min-height: 44px;\n  line-height: 44px;\n  border-radius: 100px;\n  border-style: solid;\n  border-width: 0px;\n}\n.dt-icon-bg-on.shortcode-single-image-wrap.shortcode-single-image-a4fca189981349433339c6dd0714b832 .rollover-icon {\n  background: rgba(255,255,255,0.3);\n  box-shadow: none;\n}\n<\/style><div class=\"shortcode-single-image-wrap shortcode-single-image-a4fca189981349433339c6dd0714b832 alignnone fadeInUpBig animate-element  vc_custom_1657711299416 enable-bg-rollover dt-icon-bg-off\" ><div class=\"shortcode-single-image\"><div class=\"fancy-media-wrap\" style=\"\"><img class=\"preload-me\" src=\"https:\/\/trustedimplementation.com\/wp-content\/uploads\/2022\/07\/tanacsadas.jpg\" srcset=\"https:\/\/trustedimplementation.com\/wp-content\/uploads\/2022\/07\/tanacsadas.jpg 1100w\" sizes=\"1100px\" width=\"1100\" height=\"619\"  data-dt-location=\"https:\/\/trustedimplementation.com\/de\/services\/consulting\/tanacsadas-3\/\" style=\"\" alt=\"\" \/><\/div><\/div><\/div>[vc_column_text]EDie ENDORIENCE, die im Rahmen der Muttergesellschaft TRUSTED t\u00e4tig ist, bietet eine umfangrei-che Beratung im Bereich der Schaffung und Bereitstellung von Kundenerlebnissen an. Sie hat ihre Urspr\u00fcnge im POS-Bereich, ist aber mittlerweile in Bezug auf Bekanntheit und Umfang deutlich gewachsen und damit zu einem unverzichtbaren Teil unserer internationalen T\u00e4tigkeit herange-wachsen. ENDORIENCE kann auf eine 13-j\u00e4hrige Erfolgsgeschichte im gesamten POS-Bereich, aber ins-besondere auch im Premiumbereich des POS-Spektrums zur\u00fcckblicken. ENDORIENCE entwi-ckelt die Werbestrategien und k\u00fcmmert sich aus dieser heraus, um das Design, die Produktion so-wie die Implementierung und \u00fcbernimmt damit die alleinige Verantwortung f\u00fcr das gesamte Kun-den-Projekt innerhalb des Auftrags. Dieser komplexe, schl\u00fcsselfertige Service bringt den Partnern erhebliche Zeit- und Kosteneinsparungen und gew\u00e4hrleistet ein qualitativ hochwertiges Endergeb-nis.<\/p>\n<p>Beratungsprodukte: <a href=\"https:\/\/endorience.hu\/products\/\" target=\"_blank\" rel=\"noopener\">https:\/\/endorience.hu\/products\/<\/a>[\/vc_column_text][\/vc_column][\/vc_row]<\/p>\n","protected":false},"excerpt":{"rendered":"<p>[vc_row gap=&#8220;35&#8243;][vc_column width=&#8220;1\/4&#8243; offset=&#8220;vc_hidden-sm vc_hidden-xs&#8220;][\/vc_column][vc_column offset=&#8220;vc_col-md-9&#8243;][vc_column_text] Beratung Die Wirtschaftskrise nach der COVID-19-Pandemie erfordert seitens der Hersteller von Werbemit-teln neue Ans\u00e4tze und Strategien. Da sowohl Pandemie als auch die anschlie\u00dfende wirtschaftliche Krise sich ganz unterschiedlich auf die Kaufentscheidungen von Kunden ausgewirkt haben, musste auch die Point-of-Sale-Werbung an die neuen Gegebenheiten angepasst werden. Um diesen neu-en Herausforderungen&hellip;<\/p>\n","protected":false},"author":1,"featured_media":1448,"parent":1732,"menu_order":0,"comment_status":"closed","ping_status":"closed","template":"","meta":{"inline_featured_image":false},"yoast_head":"<!-- This site is optimized with the Yoast SEO plugin v19.4 - https:\/\/yoast.com\/wordpress\/plugins\/seo\/ -->\n<title>Beratung - trustedimplementation.com<\/title>\n<meta name=\"robots\" content=\"index, follow, max-snippet:-1, max-image-preview:large, max-video-preview:-1\" \/>\n<link rel=\"canonical\" href=\"https:\/\/trustedimplementation.com\/de\/dienstleistungen\/beratung\/\" \/>\n<meta property=\"og:locale\" content=\"de_DE\" \/>\n<meta property=\"og:type\" content=\"article\" \/>\n<meta property=\"og:title\" content=\"Beratung - trustedimplementation.com\" \/>\n<meta property=\"og:description\" content=\"[vc_row gap=&#8220;35&#8243;][vc_column width=&#8220;1\/4&#8243; offset=&#8220;vc_hidden-sm vc_hidden-xs&#8220;][\/vc_column][vc_column offset=&#8220;vc_col-md-9&#8243;][vc_column_text] Beratung Die Wirtschaftskrise nach der COVID-19-Pandemie erfordert seitens der Hersteller von Werbemit-teln neue Ans\u00e4tze und Strategien. Da sowohl Pandemie als auch die anschlie\u00dfende wirtschaftliche Krise sich ganz unterschiedlich auf die Kaufentscheidungen von Kunden ausgewirkt haben, musste auch die Point-of-Sale-Werbung an die neuen Gegebenheiten angepasst werden. Um diesen neu-en Herausforderungen&hellip;\" \/>\n<meta property=\"og:url\" content=\"https:\/\/trustedimplementation.com\/de\/dienstleistungen\/beratung\/\" \/>\n<meta property=\"og:site_name\" content=\"trustedimplementation.com\" \/>\n<meta property=\"article:modified_time\" content=\"2022-08-22T12:29:45+00:00\" \/>\n<meta property=\"og:image\" content=\"http:\/\/trustedimplementation.com\/wp-content\/uploads\/2022\/05\/tanacsadas-01.jpg\" \/>\n\t<meta property=\"og:image:width\" content=\"600\" \/>\n\t<meta property=\"og:image:height\" content=\"400\" \/>\n\t<meta property=\"og:image:type\" content=\"image\/jpeg\" \/>\n<meta name=\"twitter:card\" content=\"summary_large_image\" \/>\n<meta name=\"twitter:label1\" content=\"Gesch\u00e4tzte Lesezeit\" \/>\n\t<meta name=\"twitter:data1\" content=\"2\u00a0Minuten\" \/>\n<script type=\"application\/ld+json\" class=\"yoast-schema-graph\">{\"@context\":\"https:\/\/schema.org\",\"@graph\":[{\"@type\":\"WebSite\",\"@id\":\"https:\/\/trustedimplementation.com\/de\/#website\",\"url\":\"https:\/\/trustedimplementation.com\/de\/\",\"name\":\"trustedimplementation.com\",\"description\":\"\",\"potentialAction\":[{\"@type\":\"SearchAction\",\"target\":{\"@type\":\"EntryPoint\",\"urlTemplate\":\"https:\/\/trustedimplementation.com\/de\/?s={search_term_string}\"},\"query-input\":\"required name=search_term_string\"}],\"inLanguage\":\"de\"},{\"@type\":\"WebPage\",\"@id\":\"https:\/\/trustedimplementation.com\/de\/dienstleistungen\/beratung\/\",\"url\":\"https:\/\/trustedimplementation.com\/de\/dienstleistungen\/beratung\/\",\"name\":\"Beratung - trustedimplementation.com\",\"isPartOf\":{\"@id\":\"https:\/\/trustedimplementation.com\/de\/#website\"},\"datePublished\":\"2022-04-21T13:56:17+00:00\",\"dateModified\":\"2022-08-22T12:29:45+00:00\",\"breadcrumb\":{\"@id\":\"https:\/\/trustedimplementation.com\/de\/dienstleistungen\/beratung\/#breadcrumb\"},\"inLanguage\":\"de\",\"potentialAction\":[{\"@type\":\"ReadAction\",\"target\":[\"https:\/\/trustedimplementation.com\/de\/dienstleistungen\/beratung\/\"]}]},{\"@type\":\"BreadcrumbList\",\"@id\":\"https:\/\/trustedimplementation.com\/de\/dienstleistungen\/beratung\/#breadcrumb\",\"itemListElement\":[{\"@type\":\"ListItem\",\"position\":1,\"name\":\"Home\",\"item\":\"https:\/\/trustedimplementation.com\/de\/\"},{\"@type\":\"ListItem\",\"position\":2,\"name\":\"Dienstleistungen\",\"item\":\"https:\/\/trustedimplementation.com\/dienstleistungen\/\"},{\"@type\":\"ListItem\",\"position\":3,\"name\":\"Beratung\"}]}]}<\/script>\n<!-- \/ Yoast SEO plugin. -->","yoast_head_json":{"title":"Beratung - trustedimplementation.com","robots":{"index":"index","follow":"follow","max-snippet":"max-snippet:-1","max-image-preview":"max-image-preview:large","max-video-preview":"max-video-preview:-1"},"canonical":"https:\/\/trustedimplementation.com\/de\/dienstleistungen\/beratung\/","og_locale":"de_DE","og_type":"article","og_title":"Beratung - trustedimplementation.com","og_description":"[vc_row gap=&#8220;35&#8243;][vc_column width=&#8220;1\/4&#8243; offset=&#8220;vc_hidden-sm vc_hidden-xs&#8220;][\/vc_column][vc_column offset=&#8220;vc_col-md-9&#8243;][vc_column_text] Beratung Die Wirtschaftskrise nach der COVID-19-Pandemie erfordert seitens der Hersteller von Werbemit-teln neue Ans\u00e4tze und Strategien. Da sowohl Pandemie als auch die anschlie\u00dfende wirtschaftliche Krise sich ganz unterschiedlich auf die Kaufentscheidungen von Kunden ausgewirkt haben, musste auch die Point-of-Sale-Werbung an die neuen Gegebenheiten angepasst werden. Um diesen neu-en Herausforderungen&hellip;","og_url":"https:\/\/trustedimplementation.com\/de\/dienstleistungen\/beratung\/","og_site_name":"trustedimplementation.com","article_modified_time":"2022-08-22T12:29:45+00:00","og_image":[{"width":600,"height":400,"url":"http:\/\/trustedimplementation.com\/wp-content\/uploads\/2022\/05\/tanacsadas-01.jpg","type":"image\/jpeg"}],"twitter_card":"summary_large_image","twitter_misc":{"Gesch\u00e4tzte Lesezeit":"2\u00a0Minuten"},"schema":{"@context":"https:\/\/schema.org","@graph":[{"@type":"WebSite","@id":"https:\/\/trustedimplementation.com\/de\/#website","url":"https:\/\/trustedimplementation.com\/de\/","name":"trustedimplementation.com","description":"","potentialAction":[{"@type":"SearchAction","target":{"@type":"EntryPoint","urlTemplate":"https:\/\/trustedimplementation.com\/de\/?s={search_term_string}"},"query-input":"required name=search_term_string"}],"inLanguage":"de"},{"@type":"WebPage","@id":"https:\/\/trustedimplementation.com\/de\/dienstleistungen\/beratung\/","url":"https:\/\/trustedimplementation.com\/de\/dienstleistungen\/beratung\/","name":"Beratung - trustedimplementation.com","isPartOf":{"@id":"https:\/\/trustedimplementation.com\/de\/#website"},"datePublished":"2022-04-21T13:56:17+00:00","dateModified":"2022-08-22T12:29:45+00:00","breadcrumb":{"@id":"https:\/\/trustedimplementation.com\/de\/dienstleistungen\/beratung\/#breadcrumb"},"inLanguage":"de","potentialAction":[{"@type":"ReadAction","target":["https:\/\/trustedimplementation.com\/de\/dienstleistungen\/beratung\/"]}]},{"@type":"BreadcrumbList","@id":"https:\/\/trustedimplementation.com\/de\/dienstleistungen\/beratung\/#breadcrumb","itemListElement":[{"@type":"ListItem","position":1,"name":"Home","item":"https:\/\/trustedimplementation.com\/de\/"},{"@type":"ListItem","position":2,"name":"Dienstleistungen","item":"https:\/\/trustedimplementation.com\/dienstleistungen\/"},{"@type":"ListItem","position":3,"name":"Beratung"}]}]}},"_links":{"self":[{"href":"https:\/\/trustedimplementation.com\/de\/wp-json\/wp\/v2\/pages\/1747"}],"collection":[{"href":"https:\/\/trustedimplementation.com\/de\/wp-json\/wp\/v2\/pages"}],"about":[{"href":"https:\/\/trustedimplementation.com\/de\/wp-json\/wp\/v2\/types\/page"}],"author":[{"embeddable":true,"href":"https:\/\/trustedimplementation.com\/de\/wp-json\/wp\/v2\/users\/1"}],"replies":[{"embeddable":true,"href":"https:\/\/trustedimplementation.com\/de\/wp-json\/wp\/v2\/comments?post=1747"}],"version-history":[{"count":6,"href":"https:\/\/trustedimplementation.com\/de\/wp-json\/wp\/v2\/pages\/1747\/revisions"}],"predecessor-version":[{"id":1793,"href":"https:\/\/trustedimplementation.com\/de\/wp-json\/wp\/v2\/pages\/1747\/revisions\/1793"}],"up":[{"embeddable":true,"href":"https:\/\/trustedimplementation.com\/de\/wp-json\/wp\/v2\/pages\/1732"}],"wp:featuredmedia":[{"embeddable":true,"href":"https:\/\/trustedimplementation.com\/de\/wp-json\/wp\/v2\/media\/1448"}],"wp:attachment":[{"href":"https:\/\/trustedimplementation.com\/de\/wp-json\/wp\/v2\/media?parent=1747"}],"curies":[{"name":"wp","href":"https:\/\/api.w.org\/{rel}","templated":true}]}}