{"id":1744,"date":"2022-04-21T15:55:42","date_gmt":"2022-04-21T13:55:42","guid":{"rendered":"https:\/\/trustedimplementation.com\/dienstleistungen\/montage\/"},"modified":"2022-08-22T14:29:03","modified_gmt":"2022-08-22T12:29:03","slug":"montage","status":"publish","type":"page","link":"https:\/\/trustedimplementation.com\/de\/dienstleistungen\/montage\/","title":{"rendered":"Montage"},"content":{"rendered":"<p>[vc_row gap=&#8220;35&#8243;][vc_column width=&#8220;1\/4&#8243; offset=&#8220;vc_hidden-sm vc_hidden-xs&#8220;]<style type=\"text\/css\" data-type=\"the7_shortcodes-inline-css\">#default-btn-bf7fd851428a386505d465e29943decf {\n  border-radius: 0px;\n  font-size: 20px;\n  line-height: 22px;\n}\n.btn-shadow#default-btn-bf7fd851428a386505d465e29943decf {\n  box-shadow: 0 1px 6px rgba(0,0,0,0.12);\n  transition: box-shadow 0.2s ease-out, opacity 0.45s;\n}\n.btn-shadow#default-btn-bf7fd851428a386505d465e29943decf:hover {\n  box-shadow: 0 5px 11px 0 rgba(0,0,0,0.18), 0 4px 15px 0 rgba(0,0,0,0.15);\n}\n.btn-3d#default-btn-bf7fd851428a386505d465e29943decf {\n  box-shadow: 0px 2px 0px 0px #bd3934;\n}\n.btn-3d#default-btn-bf7fd851428a386505d465e29943decf:hover {\n  box-shadow: 0px 2px 0px 0px #000000;\n}\n.btn-flat#default-btn-bf7fd851428a386505d465e29943decf {\n  box-shadow: none;\n}\n.btn-flat#default-btn-bf7fd851428a386505d465e29943decf:hover {\n  box-shadow: none;\n}\n#default-btn-bf7fd851428a386505d465e29943decf.ico-right-side > i {\n  margin-right: 0px;\n  margin-left: 8px;\n}\n#default-btn-bf7fd851428a386505d465e29943decf > i {\n  margin-right: 8px;\n  font-size: 12px;\n}\n#default-btn-bf7fd851428a386505d465e29943decf:not(:hover) {\n  border-width: 0px;\n  color: #ffffff;\n  background: #e74d47 !important;\n  padding: 50px 10px 50px 10px;\n}\n#default-btn-bf7fd851428a386505d465e29943decf:not(:hover) * {\n  color: #ffffff;\n}\n#default-btn-bf7fd851428a386505d465e29943decf:hover {\n  border-width: 0px;\n  color: #e74d47;\n  background: #000000 !important;\n  padding: 50px 10px 50px 10px;\n}\n#default-btn-bf7fd851428a386505d465e29943decf:hover * {\n  color: #e74d47;\n}\n#default-btn-bf7fd851428a386505d465e29943decf.ico-right-side > i {\n  margin-right: 0px;\n  margin-left: 8px;\n}\n#default-btn-bf7fd851428a386505d465e29943decf > i {\n  margin-right: 8px;\n}\n<\/style><div class=\"btn-align-center\"><a href=\"\/de\/dienstleistungen\/planung\/\" class=\"default-btn-shortcode dt-btn link-hover-off font-delight btn-active full-width-btn btn-flat  vc_custom_1661171328369\" id=\"default-btn-bf7fd851428a386505d465e29943decf\" title=\"Planung\"><span>Planung<\/span><\/a><\/div><style type=\"text\/css\" data-type=\"the7_shortcodes-inline-css\">#default-btn-b287df2977eea891c6dafb2f8110423e {\n  border-radius: 0px;\n  font-size: 20px;\n  line-height: 22px;\n}\n.btn-shadow#default-btn-b287df2977eea891c6dafb2f8110423e {\n  box-shadow: 0 1px 6px rgba(0,0,0,0.12);\n  transition: box-shadow 0.2s ease-out, opacity 0.45s;\n}\n.btn-shadow#default-btn-b287df2977eea891c6dafb2f8110423e:hover {\n  box-shadow: 0 5px 11px 0 rgba(0,0,0,0.18), 0 4px 15px 0 rgba(0,0,0,0.15);\n}\n.btn-3d#default-btn-b287df2977eea891c6dafb2f8110423e {\n  box-shadow: 0px 2px 0px 0px #bd3934;\n}\n.btn-3d#default-btn-b287df2977eea891c6dafb2f8110423e:hover {\n  box-shadow: 0px 2px 0px 0px #000000;\n}\n.btn-flat#default-btn-b287df2977eea891c6dafb2f8110423e {\n  box-shadow: none;\n}\n.btn-flat#default-btn-b287df2977eea891c6dafb2f8110423e:hover {\n  box-shadow: none;\n}\n#default-btn-b287df2977eea891c6dafb2f8110423e.ico-right-side > i {\n  margin-right: 0px;\n  margin-left: 8px;\n}\n#default-btn-b287df2977eea891c6dafb2f8110423e > i {\n  margin-right: 8px;\n  font-size: 12px;\n}\n#default-btn-b287df2977eea891c6dafb2f8110423e:not(:hover) {\n  border-width: 0px;\n  color: #ffffff;\n  background: #e74d47 !important;\n  padding: 50px 10px 50px 10px;\n}\n#default-btn-b287df2977eea891c6dafb2f8110423e:not(:hover) * {\n  color: #ffffff;\n}\n#default-btn-b287df2977eea891c6dafb2f8110423e:hover {\n  border-width: 0px;\n  color: #e74d47;\n  background: #000000 !important;\n  padding: 50px 10px 50px 10px;\n}\n#default-btn-b287df2977eea891c6dafb2f8110423e:hover * {\n  color: #e74d47;\n}\n#default-btn-b287df2977eea891c6dafb2f8110423e.ico-right-side > i {\n  margin-right: 0px;\n  margin-left: 8px;\n}\n#default-btn-b287df2977eea891c6dafb2f8110423e > i {\n  margin-right: 8px;\n}\n<\/style><div class=\"btn-align-center\"><a href=\"https:\/\/trustedimplementation.com\/de\/dienstleistungen\/produktion\/\" class=\"default-btn-shortcode dt-btn link-hover-off font-delight full-width-btn btn-flat  vc_custom_1661171333924\" id=\"default-btn-b287df2977eea891c6dafb2f8110423e\" title=\"Produktion\"><span>Produktion<\/span><\/a><\/div><style type=\"text\/css\" data-type=\"the7_shortcodes-inline-css\">#default-btn-9deef7ea8797ad7c17861b61b980d414 {\n  border-radius: 0px;\n  font-size: 20px;\n  line-height: 22px;\n}\n.btn-shadow#default-btn-9deef7ea8797ad7c17861b61b980d414 {\n  box-shadow: 0 1px 6px rgba(0,0,0,0.12);\n  transition: box-shadow 0.2s ease-out, opacity 0.45s;\n}\n.btn-shadow#default-btn-9deef7ea8797ad7c17861b61b980d414:hover {\n  box-shadow: 0 5px 11px 0 rgba(0,0,0,0.18), 0 4px 15px 0 rgba(0,0,0,0.15);\n}\n.btn-3d#default-btn-9deef7ea8797ad7c17861b61b980d414 {\n  box-shadow: 0px 2px 0px 0px #000000;\n}\n.btn-3d#default-btn-9deef7ea8797ad7c17861b61b980d414:hover {\n  box-shadow: 0px 2px 0px 0px #000000;\n}\n.btn-flat#default-btn-9deef7ea8797ad7c17861b61b980d414 {\n  box-shadow: none;\n}\n.btn-flat#default-btn-9deef7ea8797ad7c17861b61b980d414:hover {\n  box-shadow: none;\n}\n#default-btn-9deef7ea8797ad7c17861b61b980d414.ico-right-side > i {\n  margin-right: 0px;\n  margin-left: 8px;\n}\n#default-btn-9deef7ea8797ad7c17861b61b980d414 > i {\n  margin-right: 8px;\n  font-size: 12px;\n}\n#default-btn-9deef7ea8797ad7c17861b61b980d414:not(:hover) {\n  border-width: 0px;\n  color: #e74d47;\n  background: #000000 !important;\n  padding: 50px 10px 50px 10px;\n}\n#default-btn-9deef7ea8797ad7c17861b61b980d414:not(:hover) * {\n  color: #e74d47;\n}\n#default-btn-9deef7ea8797ad7c17861b61b980d414:hover {\n  border-width: 0px;\n  color: #e74d47;\n  background: #000000 !important;\n  padding: 50px 10px 50px 10px;\n}\n#default-btn-9deef7ea8797ad7c17861b61b980d414:hover * {\n  color: #e74d47;\n}\n#default-btn-9deef7ea8797ad7c17861b61b980d414.ico-right-side > i {\n  margin-right: 0px;\n  margin-left: 8px;\n}\n#default-btn-9deef7ea8797ad7c17861b61b980d414 > i {\n  margin-right: 8px;\n}\n<\/style><div class=\"btn-align-center\"><a href=\"#\" class=\"default-btn-shortcode dt-btn link-hover-off font-delight full-width-btn btn-flat  vc_custom_1659426914630\" id=\"default-btn-9deef7ea8797ad7c17861b61b980d414\"><span>Montage<\/span><\/a><\/div><style type=\"text\/css\" data-type=\"the7_shortcodes-inline-css\">#default-btn-3b40c4bb004a24c4dbb15266a882e3ae {\n  border-radius: 0px;\n  font-size: 20px;\n  line-height: 22px;\n}\n.btn-shadow#default-btn-3b40c4bb004a24c4dbb15266a882e3ae {\n  box-shadow: 0 1px 6px rgba(0,0,0,0.12);\n  transition: box-shadow 0.2s ease-out, opacity 0.45s;\n}\n.btn-shadow#default-btn-3b40c4bb004a24c4dbb15266a882e3ae:hover {\n  box-shadow: 0 5px 11px 0 rgba(0,0,0,0.18), 0 4px 15px 0 rgba(0,0,0,0.15);\n}\n.btn-3d#default-btn-3b40c4bb004a24c4dbb15266a882e3ae {\n  box-shadow: 0px 2px 0px 0px #bd3934;\n}\n.btn-3d#default-btn-3b40c4bb004a24c4dbb15266a882e3ae:hover {\n  box-shadow: 0px 2px 0px 0px #000000;\n}\n.btn-flat#default-btn-3b40c4bb004a24c4dbb15266a882e3ae {\n  box-shadow: none;\n}\n.btn-flat#default-btn-3b40c4bb004a24c4dbb15266a882e3ae:hover {\n  box-shadow: none;\n}\n#default-btn-3b40c4bb004a24c4dbb15266a882e3ae.ico-right-side > i {\n  margin-right: 0px;\n  margin-left: 8px;\n}\n#default-btn-3b40c4bb004a24c4dbb15266a882e3ae > i {\n  margin-right: 8px;\n  font-size: 12px;\n}\n#default-btn-3b40c4bb004a24c4dbb15266a882e3ae:not(:hover) {\n  border-width: 0px;\n  color: #ffffff;\n  background: #e74d47 !important;\n  padding: 50px 10px 50px 10px;\n}\n#default-btn-3b40c4bb004a24c4dbb15266a882e3ae:not(:hover) * {\n  color: #ffffff;\n}\n#default-btn-3b40c4bb004a24c4dbb15266a882e3ae:hover {\n  border-width: 0px;\n  color: #e74d47;\n  background: #000000 !important;\n  padding: 50px 10px 50px 10px;\n}\n#default-btn-3b40c4bb004a24c4dbb15266a882e3ae:hover * {\n  color: #e74d47;\n}\n#default-btn-3b40c4bb004a24c4dbb15266a882e3ae.ico-right-side > i {\n  margin-right: 0px;\n  margin-left: 8px;\n}\n#default-btn-3b40c4bb004a24c4dbb15266a882e3ae > i {\n  margin-right: 8px;\n}\n<\/style><div class=\"btn-align-center\"><a href=\"https:\/\/trustedimplementation.com\/de\/dienstleistungen\/beratung\/\" class=\"default-btn-shortcode dt-btn link-hover-off font-delight full-width-btn btn-flat  vc_custom_1661171340742\" id=\"default-btn-3b40c4bb004a24c4dbb15266a882e3ae\" title=\"Beratung\"><span>Beratung<\/span><\/a><\/div>[\/vc_column][vc_column offset=&#8220;vc_col-md-9&#8243;][vc_column_text]<\/p>\n<h2>Montage<\/h2>\n<p>Unsere Mitarbeiter montieren alle von uns hergestellten Produkte fach- und termingerecht, vor Ort. Wir arbeiten europaweit mit Garantie. Unser Fuhrpark besteht aus einer Flotte gut ausger\u00fcs-teter Montage- und Lieferfahrzeugen.<\/p>\n<p>F\u00fcr ausl\u00e4ndische Partnerunternehmen f\u00fchren wir in Ungarn Auftragsmontagearbeiten durch.<\/p>\n<p>Unter unseren Referenzen befinden sich, neben zahlreichen Automobil- und Telekommunikati-onsunternehmen, auch Banken und Schnellrestaurantketten. Aufgrund des Fachwissens unserer Mitarbeiter und der engen Kooperation mit Partnerunternehmen sind wir au\u00dferdem in der Lage, gemeinsam mit unseren Kunden komplette gewerbliche Bauprojekte erfolgreich realisieren. Dabei \u00fcbernehmen, vermitteln und \u00fcberwachen wir auch Bau-, Trockenbau-, Maler-, Elektrik- und Instal-lationsarbeiten.[\/vc_column_text]<style type=\"text\/css\" data-type=\"the7_shortcodes-inline-css\">.shortcode-single-image-wrap.shortcode-single-image-a25ab579eb8732a673d74e1f96c41083.enable-bg-rollover .rollover i,\n.shortcode-single-image-wrap.shortcode-single-image-a25ab579eb8732a673d74e1f96c41083.enable-bg-rollover .rollover-video i {\n  background: -webkit-linear-gradient();\n  background: linear-gradient();\n}\n.shortcode-single-image-wrap.shortcode-single-image-a25ab579eb8732a673d74e1f96c41083 .rollover-icon {\n  font-size: 32px;\n  color: #ffffff;\n  min-width: 44px;\n  min-height: 44px;\n  line-height: 44px;\n  border-radius: 100px;\n  border-style: solid;\n  border-width: 0px;\n}\n.dt-icon-bg-on.shortcode-single-image-wrap.shortcode-single-image-a25ab579eb8732a673d74e1f96c41083 .rollover-icon {\n  background: rgba(255,255,255,0.3);\n  box-shadow: none;\n}\n<\/style><div class=\"shortcode-single-image-wrap shortcode-single-image-a25ab579eb8732a673d74e1f96c41083 alignnone fadeInUpBig animate-element  enable-bg-rollover dt-icon-bg-off\" style=\"margin-top:0px; margin-bottom:0px; margin-left:0px; margin-right:0px;\"><div class=\"shortcode-single-image\"><div class=\"fancy-media-wrap\" style=\"\"><img class=\"preload-me\" src=\"https:\/\/trustedimplementation.com\/wp-content\/uploads\/2022\/07\/installacio-1-scaled-e1657782223341.jpg\" srcset=\"https:\/\/trustedimplementation.com\/wp-content\/uploads\/2022\/07\/installacio-1-scaled-e1657782223341.jpg 2560w\" sizes=\"2560px\" width=\"2560\" height=\"1523\"  data-dt-location=\"https:\/\/trustedimplementation.com\/de\/services\/implementation\/installacio-3\/\" style=\"\" alt=\"\" \/><\/div><\/div><\/div>[\/vc_column][\/vc_row]<\/p>\n","protected":false},"excerpt":{"rendered":"<p>[vc_row gap=&#8220;35&#8243;][vc_column width=&#8220;1\/4&#8243; offset=&#8220;vc_hidden-sm vc_hidden-xs&#8220;][\/vc_column][vc_column offset=&#8220;vc_col-md-9&#8243;][vc_column_text] Montage Unsere Mitarbeiter montieren alle von uns hergestellten Produkte fach- und termingerecht, vor Ort. Wir arbeiten europaweit mit Garantie. Unser Fuhrpark besteht aus einer Flotte gut ausger\u00fcs-teter Montage- und Lieferfahrzeugen. F\u00fcr ausl\u00e4ndische Partnerunternehmen f\u00fchren wir in Ungarn Auftragsmontagearbeiten durch. Unter unseren Referenzen befinden sich, neben zahlreichen Automobil- und Telekommunikati-onsunternehmen,&hellip;<\/p>\n","protected":false},"author":1,"featured_media":1442,"parent":1732,"menu_order":0,"comment_status":"closed","ping_status":"closed","template":"","meta":{"inline_featured_image":false},"yoast_head":"<!-- This site is optimized with the Yoast SEO plugin v19.4 - https:\/\/yoast.com\/wordpress\/plugins\/seo\/ -->\n<title>Montage - trustedimplementation.com<\/title>\n<meta name=\"robots\" content=\"index, follow, max-snippet:-1, max-image-preview:large, max-video-preview:-1\" \/>\n<link rel=\"canonical\" href=\"https:\/\/trustedimplementation.com\/de\/dienstleistungen\/montage\/\" \/>\n<meta property=\"og:locale\" content=\"de_DE\" \/>\n<meta property=\"og:type\" content=\"article\" \/>\n<meta property=\"og:title\" content=\"Montage - trustedimplementation.com\" \/>\n<meta property=\"og:description\" content=\"[vc_row gap=&#8220;35&#8243;][vc_column width=&#8220;1\/4&#8243; offset=&#8220;vc_hidden-sm vc_hidden-xs&#8220;][\/vc_column][vc_column offset=&#8220;vc_col-md-9&#8243;][vc_column_text] Montage Unsere Mitarbeiter montieren alle von uns hergestellten Produkte fach- und termingerecht, vor Ort. Wir arbeiten europaweit mit Garantie. Unser Fuhrpark besteht aus einer Flotte gut ausger\u00fcs-teter Montage- und Lieferfahrzeugen. F\u00fcr ausl\u00e4ndische Partnerunternehmen f\u00fchren wir in Ungarn Auftragsmontagearbeiten durch. Unter unseren Referenzen befinden sich, neben zahlreichen Automobil- und Telekommunikati-onsunternehmen,&hellip;\" \/>\n<meta property=\"og:url\" content=\"https:\/\/trustedimplementation.com\/de\/dienstleistungen\/montage\/\" \/>\n<meta property=\"og:site_name\" content=\"trustedimplementation.com\" \/>\n<meta property=\"article:modified_time\" content=\"2022-08-22T12:29:03+00:00\" \/>\n<meta property=\"og:image\" content=\"http:\/\/trustedimplementation.com\/wp-content\/uploads\/2022\/05\/kivitelezes-01.jpg\" \/>\n\t<meta property=\"og:image:width\" content=\"600\" \/>\n\t<meta property=\"og:image:height\" content=\"338\" \/>\n\t<meta property=\"og:image:type\" content=\"image\/jpeg\" \/>\n<meta name=\"twitter:card\" content=\"summary_large_image\" \/>\n<meta name=\"twitter:label1\" content=\"Gesch\u00e4tzte Lesezeit\" \/>\n\t<meta name=\"twitter:data1\" content=\"1\u00a0Minute\" \/>\n<script type=\"application\/ld+json\" class=\"yoast-schema-graph\">{\"@context\":\"https:\/\/schema.org\",\"@graph\":[{\"@type\":\"WebSite\",\"@id\":\"https:\/\/trustedimplementation.com\/de\/#website\",\"url\":\"https:\/\/trustedimplementation.com\/de\/\",\"name\":\"trustedimplementation.com\",\"description\":\"\",\"potentialAction\":[{\"@type\":\"SearchAction\",\"target\":{\"@type\":\"EntryPoint\",\"urlTemplate\":\"https:\/\/trustedimplementation.com\/de\/?s={search_term_string}\"},\"query-input\":\"required name=search_term_string\"}],\"inLanguage\":\"de\"},{\"@type\":\"WebPage\",\"@id\":\"https:\/\/trustedimplementation.com\/de\/dienstleistungen\/montage\/\",\"url\":\"https:\/\/trustedimplementation.com\/de\/dienstleistungen\/montage\/\",\"name\":\"Montage - trustedimplementation.com\",\"isPartOf\":{\"@id\":\"https:\/\/trustedimplementation.com\/de\/#website\"},\"datePublished\":\"2022-04-21T13:55:42+00:00\",\"dateModified\":\"2022-08-22T12:29:03+00:00\",\"breadcrumb\":{\"@id\":\"https:\/\/trustedimplementation.com\/de\/dienstleistungen\/montage\/#breadcrumb\"},\"inLanguage\":\"de\",\"potentialAction\":[{\"@type\":\"ReadAction\",\"target\":[\"https:\/\/trustedimplementation.com\/de\/dienstleistungen\/montage\/\"]}]},{\"@type\":\"BreadcrumbList\",\"@id\":\"https:\/\/trustedimplementation.com\/de\/dienstleistungen\/montage\/#breadcrumb\",\"itemListElement\":[{\"@type\":\"ListItem\",\"position\":1,\"name\":\"Home\",\"item\":\"https:\/\/trustedimplementation.com\/de\/\"},{\"@type\":\"ListItem\",\"position\":2,\"name\":\"Dienstleistungen\",\"item\":\"https:\/\/trustedimplementation.com\/dienstleistungen\/\"},{\"@type\":\"ListItem\",\"position\":3,\"name\":\"Montage\"}]}]}<\/script>\n<!-- \/ Yoast SEO plugin. -->","yoast_head_json":{"title":"Montage - trustedimplementation.com","robots":{"index":"index","follow":"follow","max-snippet":"max-snippet:-1","max-image-preview":"max-image-preview:large","max-video-preview":"max-video-preview:-1"},"canonical":"https:\/\/trustedimplementation.com\/de\/dienstleistungen\/montage\/","og_locale":"de_DE","og_type":"article","og_title":"Montage - trustedimplementation.com","og_description":"[vc_row gap=&#8220;35&#8243;][vc_column width=&#8220;1\/4&#8243; offset=&#8220;vc_hidden-sm vc_hidden-xs&#8220;][\/vc_column][vc_column offset=&#8220;vc_col-md-9&#8243;][vc_column_text] Montage Unsere Mitarbeiter montieren alle von uns hergestellten Produkte fach- und termingerecht, vor Ort. Wir arbeiten europaweit mit Garantie. Unser Fuhrpark besteht aus einer Flotte gut ausger\u00fcs-teter Montage- und Lieferfahrzeugen. F\u00fcr ausl\u00e4ndische Partnerunternehmen f\u00fchren wir in Ungarn Auftragsmontagearbeiten durch. Unter unseren Referenzen befinden sich, neben zahlreichen Automobil- und Telekommunikati-onsunternehmen,&hellip;","og_url":"https:\/\/trustedimplementation.com\/de\/dienstleistungen\/montage\/","og_site_name":"trustedimplementation.com","article_modified_time":"2022-08-22T12:29:03+00:00","og_image":[{"width":600,"height":338,"url":"http:\/\/trustedimplementation.com\/wp-content\/uploads\/2022\/05\/kivitelezes-01.jpg","type":"image\/jpeg"}],"twitter_card":"summary_large_image","twitter_misc":{"Gesch\u00e4tzte Lesezeit":"1\u00a0Minute"},"schema":{"@context":"https:\/\/schema.org","@graph":[{"@type":"WebSite","@id":"https:\/\/trustedimplementation.com\/de\/#website","url":"https:\/\/trustedimplementation.com\/de\/","name":"trustedimplementation.com","description":"","potentialAction":[{"@type":"SearchAction","target":{"@type":"EntryPoint","urlTemplate":"https:\/\/trustedimplementation.com\/de\/?s={search_term_string}"},"query-input":"required name=search_term_string"}],"inLanguage":"de"},{"@type":"WebPage","@id":"https:\/\/trustedimplementation.com\/de\/dienstleistungen\/montage\/","url":"https:\/\/trustedimplementation.com\/de\/dienstleistungen\/montage\/","name":"Montage - trustedimplementation.com","isPartOf":{"@id":"https:\/\/trustedimplementation.com\/de\/#website"},"datePublished":"2022-04-21T13:55:42+00:00","dateModified":"2022-08-22T12:29:03+00:00","breadcrumb":{"@id":"https:\/\/trustedimplementation.com\/de\/dienstleistungen\/montage\/#breadcrumb"},"inLanguage":"de","potentialAction":[{"@type":"ReadAction","target":["https:\/\/trustedimplementation.com\/de\/dienstleistungen\/montage\/"]}]},{"@type":"BreadcrumbList","@id":"https:\/\/trustedimplementation.com\/de\/dienstleistungen\/montage\/#breadcrumb","itemListElement":[{"@type":"ListItem","position":1,"name":"Home","item":"https:\/\/trustedimplementation.com\/de\/"},{"@type":"ListItem","position":2,"name":"Dienstleistungen","item":"https:\/\/trustedimplementation.com\/dienstleistungen\/"},{"@type":"ListItem","position":3,"name":"Montage"}]}]}},"_links":{"self":[{"href":"https:\/\/trustedimplementation.com\/de\/wp-json\/wp\/v2\/pages\/1744"}],"collection":[{"href":"https:\/\/trustedimplementation.com\/de\/wp-json\/wp\/v2\/pages"}],"about":[{"href":"https:\/\/trustedimplementation.com\/de\/wp-json\/wp\/v2\/types\/page"}],"author":[{"embeddable":true,"href":"https:\/\/trustedimplementation.com\/de\/wp-json\/wp\/v2\/users\/1"}],"replies":[{"embeddable":true,"href":"https:\/\/trustedimplementation.com\/de\/wp-json\/wp\/v2\/comments?post=1744"}],"version-history":[{"count":6,"href":"https:\/\/trustedimplementation.com\/de\/wp-json\/wp\/v2\/pages\/1744\/revisions"}],"predecessor-version":[{"id":1792,"href":"https:\/\/trustedimplementation.com\/de\/wp-json\/wp\/v2\/pages\/1744\/revisions\/1792"}],"up":[{"embeddable":true,"href":"https:\/\/trustedimplementation.com\/de\/wp-json\/wp\/v2\/pages\/1732"}],"wp:featuredmedia":[{"embeddable":true,"href":"https:\/\/trustedimplementation.com\/de\/wp-json\/wp\/v2\/media\/1442"}],"wp:attachment":[{"href":"https:\/\/trustedimplementation.com\/de\/wp-json\/wp\/v2\/media?parent=1744"}],"curies":[{"name":"wp","href":"https:\/\/api.w.org\/{rel}","templated":true}]}}