{"id":1738,"date":"2022-04-21T15:55:20","date_gmt":"2022-04-21T13:55:20","guid":{"rendered":"https:\/\/trustedimplementation.com\/dienstleistungen\/produktion\/"},"modified":"2022-08-22T14:28:21","modified_gmt":"2022-08-22T12:28:21","slug":"produktion","status":"publish","type":"page","link":"https:\/\/trustedimplementation.com\/de\/dienstleistungen\/produktion\/","title":{"rendered":"Produktion"},"content":{"rendered":"<p>[vc_row gap=&#8220;35&#8243;][vc_column width=&#8220;1\/4&#8243; offset=&#8220;vc_hidden-sm vc_hidden-xs&#8220;]<style type=\"text\/css\" data-type=\"the7_shortcodes-inline-css\">#default-btn-93bdc2c5c94c443f993efa56a2740d3c {\n  border-radius: 0px;\n  font-size: 20px;\n  line-height: 22px;\n}\n.btn-shadow#default-btn-93bdc2c5c94c443f993efa56a2740d3c {\n  box-shadow: 0 1px 6px rgba(0,0,0,0.12);\n  transition: box-shadow 0.2s ease-out, opacity 0.45s;\n}\n.btn-shadow#default-btn-93bdc2c5c94c443f993efa56a2740d3c:hover {\n  box-shadow: 0 5px 11px 0 rgba(0,0,0,0.18), 0 4px 15px 0 rgba(0,0,0,0.15);\n}\n.btn-3d#default-btn-93bdc2c5c94c443f993efa56a2740d3c {\n  box-shadow: 0px 2px 0px 0px #bd3934;\n}\n.btn-3d#default-btn-93bdc2c5c94c443f993efa56a2740d3c:hover {\n  box-shadow: 0px 2px 0px 0px #000000;\n}\n.btn-flat#default-btn-93bdc2c5c94c443f993efa56a2740d3c {\n  box-shadow: none;\n}\n.btn-flat#default-btn-93bdc2c5c94c443f993efa56a2740d3c:hover {\n  box-shadow: none;\n}\n#default-btn-93bdc2c5c94c443f993efa56a2740d3c.ico-right-side > i {\n  margin-right: 0px;\n  margin-left: 8px;\n}\n#default-btn-93bdc2c5c94c443f993efa56a2740d3c > i {\n  margin-right: 8px;\n  font-size: 12px;\n}\n#default-btn-93bdc2c5c94c443f993efa56a2740d3c:not(:hover) {\n  border-width: 0px;\n  color: #ffffff;\n  background: #e74d47 !important;\n  padding: 50px 10px 50px 10px;\n}\n#default-btn-93bdc2c5c94c443f993efa56a2740d3c:not(:hover) * {\n  color: #ffffff;\n}\n#default-btn-93bdc2c5c94c443f993efa56a2740d3c:hover {\n  border-width: 0px;\n  color: #e74d47;\n  background: #000000 !important;\n  padding: 50px 10px 50px 10px;\n}\n#default-btn-93bdc2c5c94c443f993efa56a2740d3c:hover * {\n  color: #e74d47;\n}\n#default-btn-93bdc2c5c94c443f993efa56a2740d3c.ico-right-side > i {\n  margin-right: 0px;\n  margin-left: 8px;\n}\n#default-btn-93bdc2c5c94c443f993efa56a2740d3c > i {\n  margin-right: 8px;\n}\n<\/style><div class=\"btn-align-center\"><a href=\"\/de\/dienstleistungen\/planung\/\" class=\"default-btn-shortcode dt-btn link-hover-off font-delight btn-active full-width-btn btn-flat  vc_custom_1661171281804\" id=\"default-btn-93bdc2c5c94c443f993efa56a2740d3c\" title=\"Planung\"><span>Planung<\/span><\/a><\/div><style type=\"text\/css\" data-type=\"the7_shortcodes-inline-css\">#default-btn-2da718b5025091e31078682714753083 {\n  border-radius: 0px;\n  font-size: 20px;\n  line-height: 22px;\n}\n.btn-shadow#default-btn-2da718b5025091e31078682714753083 {\n  box-shadow: 0 1px 6px rgba(0,0,0,0.12);\n  transition: box-shadow 0.2s ease-out, opacity 0.45s;\n}\n.btn-shadow#default-btn-2da718b5025091e31078682714753083:hover {\n  box-shadow: 0 5px 11px 0 rgba(0,0,0,0.18), 0 4px 15px 0 rgba(0,0,0,0.15);\n}\n.btn-3d#default-btn-2da718b5025091e31078682714753083 {\n  box-shadow: 0px 2px 0px 0px #000000;\n}\n.btn-3d#default-btn-2da718b5025091e31078682714753083:hover {\n  box-shadow: 0px 2px 0px 0px #000000;\n}\n.btn-flat#default-btn-2da718b5025091e31078682714753083 {\n  box-shadow: none;\n}\n.btn-flat#default-btn-2da718b5025091e31078682714753083:hover {\n  box-shadow: none;\n}\n#default-btn-2da718b5025091e31078682714753083.ico-right-side > i {\n  margin-right: 0px;\n  margin-left: 8px;\n}\n#default-btn-2da718b5025091e31078682714753083 > i {\n  margin-right: 8px;\n  font-size: 12px;\n}\n#default-btn-2da718b5025091e31078682714753083:not(:hover) {\n  border-width: 0px;\n  color: #e74d47;\n  background: #000000 !important;\n  padding: 50px 10px 50px 10px;\n}\n#default-btn-2da718b5025091e31078682714753083:not(:hover) * {\n  color: #e74d47;\n}\n#default-btn-2da718b5025091e31078682714753083:hover {\n  border-width: 0px;\n  color: #e74d47;\n  background: #000000 !important;\n  padding: 50px 10px 50px 10px;\n}\n#default-btn-2da718b5025091e31078682714753083:hover * {\n  color: #e74d47;\n}\n#default-btn-2da718b5025091e31078682714753083.ico-right-side > i {\n  margin-right: 0px;\n  margin-left: 8px;\n}\n#default-btn-2da718b5025091e31078682714753083 > i {\n  margin-right: 8px;\n}\n<\/style><div class=\"btn-align-center\"><a href=\"#\" class=\"default-btn-shortcode dt-btn link-hover-off font-delight full-width-btn btn-flat  vc_custom_1659426589802\" id=\"default-btn-2da718b5025091e31078682714753083\"><span>Produktion<\/span><\/a><\/div><style type=\"text\/css\" data-type=\"the7_shortcodes-inline-css\">#default-btn-f37e52e4b12189d52b9534d53887bf7a {\n  border-radius: 0px;\n  font-size: 20px;\n  line-height: 22px;\n}\n.btn-shadow#default-btn-f37e52e4b12189d52b9534d53887bf7a {\n  box-shadow: 0 1px 6px rgba(0,0,0,0.12);\n  transition: box-shadow 0.2s ease-out, opacity 0.45s;\n}\n.btn-shadow#default-btn-f37e52e4b12189d52b9534d53887bf7a:hover {\n  box-shadow: 0 5px 11px 0 rgba(0,0,0,0.18), 0 4px 15px 0 rgba(0,0,0,0.15);\n}\n.btn-3d#default-btn-f37e52e4b12189d52b9534d53887bf7a {\n  box-shadow: 0px 2px 0px 0px #bd3934;\n}\n.btn-3d#default-btn-f37e52e4b12189d52b9534d53887bf7a:hover {\n  box-shadow: 0px 2px 0px 0px #000000;\n}\n.btn-flat#default-btn-f37e52e4b12189d52b9534d53887bf7a {\n  box-shadow: none;\n}\n.btn-flat#default-btn-f37e52e4b12189d52b9534d53887bf7a:hover {\n  box-shadow: none;\n}\n#default-btn-f37e52e4b12189d52b9534d53887bf7a.ico-right-side > i {\n  margin-right: 0px;\n  margin-left: 8px;\n}\n#default-btn-f37e52e4b12189d52b9534d53887bf7a > i {\n  margin-right: 8px;\n  font-size: 12px;\n}\n#default-btn-f37e52e4b12189d52b9534d53887bf7a:not(:hover) {\n  border-width: 0px;\n  color: #ffffff;\n  background: #e74d47 !important;\n  padding: 50px 10px 50px 10px;\n}\n#default-btn-f37e52e4b12189d52b9534d53887bf7a:not(:hover) * {\n  color: #ffffff;\n}\n#default-btn-f37e52e4b12189d52b9534d53887bf7a:hover {\n  border-width: 0px;\n  color: #e74d47;\n  background: #000000 !important;\n  padding: 50px 10px 50px 10px;\n}\n#default-btn-f37e52e4b12189d52b9534d53887bf7a:hover * {\n  color: #e74d47;\n}\n#default-btn-f37e52e4b12189d52b9534d53887bf7a.ico-right-side > i {\n  margin-right: 0px;\n  margin-left: 8px;\n}\n#default-btn-f37e52e4b12189d52b9534d53887bf7a > i {\n  margin-right: 8px;\n}\n<\/style><div class=\"btn-align-center\"><a href=\"https:\/\/trustedimplementation.com\/de\/dienstleistungen\/montage\/\" class=\"default-btn-shortcode dt-btn link-hover-off font-delight full-width-btn btn-flat  vc_custom_1661171288375\" id=\"default-btn-f37e52e4b12189d52b9534d53887bf7a\" title=\"Montage\"><span>Montage<\/span><\/a><\/div><style type=\"text\/css\" data-type=\"the7_shortcodes-inline-css\">#default-btn-9185159367235ccb164aa6e4550b942a {\n  border-radius: 0px;\n  font-size: 20px;\n  line-height: 22px;\n}\n.btn-shadow#default-btn-9185159367235ccb164aa6e4550b942a {\n  box-shadow: 0 1px 6px rgba(0,0,0,0.12);\n  transition: box-shadow 0.2s ease-out, opacity 0.45s;\n}\n.btn-shadow#default-btn-9185159367235ccb164aa6e4550b942a:hover {\n  box-shadow: 0 5px 11px 0 rgba(0,0,0,0.18), 0 4px 15px 0 rgba(0,0,0,0.15);\n}\n.btn-3d#default-btn-9185159367235ccb164aa6e4550b942a {\n  box-shadow: 0px 2px 0px 0px #bd3934;\n}\n.btn-3d#default-btn-9185159367235ccb164aa6e4550b942a:hover {\n  box-shadow: 0px 2px 0px 0px #000000;\n}\n.btn-flat#default-btn-9185159367235ccb164aa6e4550b942a {\n  box-shadow: none;\n}\n.btn-flat#default-btn-9185159367235ccb164aa6e4550b942a:hover {\n  box-shadow: none;\n}\n#default-btn-9185159367235ccb164aa6e4550b942a.ico-right-side > i {\n  margin-right: 0px;\n  margin-left: 8px;\n}\n#default-btn-9185159367235ccb164aa6e4550b942a > i {\n  margin-right: 8px;\n  font-size: 12px;\n}\n#default-btn-9185159367235ccb164aa6e4550b942a:not(:hover) {\n  border-width: 0px;\n  color: #ffffff;\n  background: #e74d47 !important;\n  padding: 50px 10px 50px 10px;\n}\n#default-btn-9185159367235ccb164aa6e4550b942a:not(:hover) * {\n  color: #ffffff;\n}\n#default-btn-9185159367235ccb164aa6e4550b942a:hover {\n  border-width: 0px;\n  color: #e74d47;\n  background: #000000 !important;\n  padding: 50px 10px 50px 10px;\n}\n#default-btn-9185159367235ccb164aa6e4550b942a:hover * {\n  color: #e74d47;\n}\n#default-btn-9185159367235ccb164aa6e4550b942a.ico-right-side > i {\n  margin-right: 0px;\n  margin-left: 8px;\n}\n#default-btn-9185159367235ccb164aa6e4550b942a > i {\n  margin-right: 8px;\n}\n<\/style><div class=\"btn-align-center\"><a href=\"https:\/\/trustedimplementation.com\/de\/dienstleistungen\/beratung\/\" class=\"default-btn-shortcode dt-btn link-hover-off font-delight full-width-btn btn-flat  vc_custom_1661171298313\" id=\"default-btn-9185159367235ccb164aa6e4550b942a\" title=\"Beratung\"><span>Beratung<\/span><\/a><\/div>[\/vc_column][vc_column offset=&#8220;vc_col-md-9&#8243;][vc_column_text]<\/p>\n<h2>Produktion<\/h2>\n<p>In unserem modernen und bestens ausger\u00fcsteten Werk wird eine breite Palette von Bearbei-tungs- und Oberfl\u00e4chenbehandlungsverfahren angewendet. Hier findet sich alles, was f\u00fcr die pro-fessionelle Ausf\u00fchrung Ihrer Auftr\u00e4ge erforderlich ist: Von einer gro\u00dfen Anzahl manueller Anlagen bis hin zu den modernsten CNC-Bearbeitungsmaschinen &#8211; unser Unternehmen ist ein Musterbe-trieb von ANEST und kann im Rahmen des Programms \u201eUngarischer moderner Musterbetrieb\u201d der Iparfejleszt\u00e9si K\u00f6zhaszn\u00fa Nonprofit Korl\u00e1tolt Felel\u0151ss\u00e9g\u0171 T\u00e1rsas\u00e1g \/IFKA\/ [Gemeinn\u00fctzige Nonpro-fit GmbH f\u00fcr industrielle Entwicklung] besucht werden.<\/p>\n<p>Gerne realisieren wir individuelle Ideen oder arbeiten anhand von bereitgestellten<br \/>\nPl\u00e4nen bzw. Zeichnungsvorgaben.[\/vc_column_text]<style type=\"text\/css\" data-type=\"the7_shortcodes-inline-css\">.shortcode-single-image-wrap.shortcode-single-image-9820e3fbe18dc052bbf0373b07ae91e6.enable-bg-rollover .rollover i,\n.shortcode-single-image-wrap.shortcode-single-image-9820e3fbe18dc052bbf0373b07ae91e6.enable-bg-rollover .rollover-video i {\n  background: -webkit-linear-gradient();\n  background: linear-gradient();\n}\n.shortcode-single-image-wrap.shortcode-single-image-9820e3fbe18dc052bbf0373b07ae91e6 .rollover-icon {\n  font-size: 32px;\n  color: #ffffff;\n  min-width: 44px;\n  min-height: 44px;\n  line-height: 44px;\n  border-radius: 100px;\n  border-style: solid;\n  border-width: 0px;\n}\n.dt-icon-bg-on.shortcode-single-image-wrap.shortcode-single-image-9820e3fbe18dc052bbf0373b07ae91e6 .rollover-icon {\n  background: rgba(255,255,255,0.3);\n  box-shadow: none;\n}\n<\/style><div class=\"shortcode-single-image-wrap shortcode-single-image-9820e3fbe18dc052bbf0373b07ae91e6 alignnone fadeInDownBig animate-element  vc_custom_1657710943704 enable-bg-rollover dt-icon-bg-off\" ><div class=\"shortcode-single-image\"><div class=\"fancy-media-wrap\" style=\"\"><img class=\"preload-me\" src=\"https:\/\/trustedimplementation.com\/wp-content\/uploads\/2022\/07\/gyartas.jpg\" srcset=\"https:\/\/trustedimplementation.com\/wp-content\/uploads\/2022\/07\/gyartas.jpg 1100w\" sizes=\"1100px\" width=\"1100\" height=\"535\"  data-dt-location=\"https:\/\/trustedimplementation.com\/de\/services\/manufacturing\/gyartas-3\/\" style=\"\" alt=\"\" \/><\/div><\/div><\/div>[vc_column_text]<\/p>\n<h3>Materialien:<\/h3>\n<p>[\/vc_column_text][vc_row_inner][vc_column_inner width=&#8220;1\/2&#8243;][vc_column_text]<\/p>\n<h4><span style=\"color: #000000;\">Acrylglas\/plexiglas<\/span><\/h4>\n<p>Dieser glas\u00e4hnliche, transparente oder farbige Kunststoff hat hervorragende optische Eigenschaf-ten und ist zudem preisg\u00fcnstig. Es handelt sich um einen thermoplastischen Kunststoff, der sich leicht verarbeiten l\u00e4sst und im festen Zustand flexibel ist.<\/p>\n<p>Allerdings verkratzt Acrylglas leicht und neigt zur Verschmutzung. Dank seiner Vielseitigkeit kann es als Element f\u00fcr Gestelle, Theken, Rega-le usw., aber auch f\u00fcr andere dekorative Zwecke verwen-det werden.[\/vc_column_text][\/vc_column_inner][vc_column_inner width=&#8220;1\/2&#8243;][vc_column_text]<\/p>\n<h4><span style=\"color: #000000;\">Holz<\/span><\/h4>\n<p>Werbemittel aus Holz vermitteln nicht nur einen nat\u00fcrlichen Look, sondern sind auch langlebig. Der Einsatz von Holz empfiehlt sich bei minimalistischem Design, kann aber auch gut in auffallende La-deneinrichtungen integriert werden. Holz kann mit Materialien wie Glas, Metall und Stein kombi-niert werden. Es eignet sich ideal zur Gestaltung von Empfangstheken, B\u00fcroausstattungen und anderen individuellen M\u00f6belst\u00fccken oder kann wirkungsvoll als Dekorationselement eingesetzt werden.[\/vc_column_text][\/vc_column_inner][\/vc_row_inner][vc_row_inner][vc_column_inner width=&#8220;1\/2&#8243;][vc_column_text]<\/p>\n<h4><span style=\"color: #000000;\">Metall<\/span><\/h4>\n<p>Metall eignet sich f\u00fcr Gestelle, Regale und Regaltr\u00e4ger sowie f\u00fcr alle Elemente in Unterschienen eingebaut sind. Metall empfiehlt sich zur Aufbewahrung und zur Lagerung schwerer Gegenst\u00e4nde oder einer gro\u00dfen Anzahl von Gegenst\u00e4nden, kann aber auch, wie die zuvor genannten Materia-lien, als Dekorationselement f\u00fcr Ladeneinrichtungen verwendet werden.[\/vc_column_text][\/vc_column_inner][vc_column_inner width=&#8220;1\/2&#8243;][vc_column_text]<\/p>\n<h4><span style=\"color: #000000;\">Glas<\/span><\/h4>\n<p>Glas kann, \u00e4hnlich wie Plexiglas, f\u00fcr Theken und Regale eingesetzt werden. Wir empfehlen Glas aufgrund seiner Zerbrechlichkeit lediglich f\u00fcr Vitrinen und Schr\u00e4nke.[\/vc_column_text][\/vc_column_inner][\/vc_row_inner][\/vc_column][\/vc_row]<\/p>\n","protected":false},"excerpt":{"rendered":"<p>[vc_row gap=&#8220;35&#8243;][vc_column width=&#8220;1\/4&#8243; offset=&#8220;vc_hidden-sm vc_hidden-xs&#8220;][\/vc_column][vc_column offset=&#8220;vc_col-md-9&#8243;][vc_column_text] Produktion In unserem modernen und bestens ausger\u00fcsteten Werk wird eine breite Palette von Bearbei-tungs- und Oberfl\u00e4chenbehandlungsverfahren angewendet. Hier findet sich alles, was f\u00fcr die pro-fessionelle Ausf\u00fchrung Ihrer Auftr\u00e4ge erforderlich ist: Von einer gro\u00dfen Anzahl manueller Anlagen bis hin zu den modernsten CNC-Bearbeitungsmaschinen &#8211; unser Unternehmen ist ein Musterbe-trieb von&hellip;<\/p>\n","protected":false},"author":1,"featured_media":1460,"parent":1732,"menu_order":0,"comment_status":"closed","ping_status":"closed","template":"","meta":{"inline_featured_image":false},"yoast_head":"<!-- This site is optimized with the Yoast SEO plugin v19.4 - https:\/\/yoast.com\/wordpress\/plugins\/seo\/ -->\n<title>Produktion - trustedimplementation.com<\/title>\n<meta name=\"robots\" content=\"index, follow, max-snippet:-1, max-image-preview:large, max-video-preview:-1\" \/>\n<link rel=\"canonical\" href=\"https:\/\/trustedimplementation.com\/de\/dienstleistungen\/produktion\/\" \/>\n<meta property=\"og:locale\" content=\"de_DE\" \/>\n<meta property=\"og:type\" content=\"article\" \/>\n<meta property=\"og:title\" content=\"Produktion - trustedimplementation.com\" \/>\n<meta property=\"og:description\" content=\"[vc_row gap=&#8220;35&#8243;][vc_column width=&#8220;1\/4&#8243; offset=&#8220;vc_hidden-sm vc_hidden-xs&#8220;][\/vc_column][vc_column offset=&#8220;vc_col-md-9&#8243;][vc_column_text] Produktion In unserem modernen und bestens ausger\u00fcsteten Werk wird eine breite Palette von Bearbei-tungs- und Oberfl\u00e4chenbehandlungsverfahren angewendet. Hier findet sich alles, was f\u00fcr die pro-fessionelle Ausf\u00fchrung Ihrer Auftr\u00e4ge erforderlich ist: Von einer gro\u00dfen Anzahl manueller Anlagen bis hin zu den modernsten CNC-Bearbeitungsmaschinen &#8211; unser Unternehmen ist ein Musterbe-trieb von&hellip;\" \/>\n<meta property=\"og:url\" content=\"https:\/\/trustedimplementation.com\/de\/dienstleistungen\/produktion\/\" \/>\n<meta property=\"og:site_name\" content=\"trustedimplementation.com\" \/>\n<meta property=\"article:modified_time\" content=\"2022-08-22T12:28:21+00:00\" \/>\n<meta property=\"og:image\" content=\"http:\/\/trustedimplementation.com\/wp-content\/uploads\/2022\/05\/gyartas-01.jpg\" \/>\n\t<meta property=\"og:image:width\" content=\"600\" \/>\n\t<meta property=\"og:image:height\" content=\"844\" \/>\n\t<meta property=\"og:image:type\" content=\"image\/jpeg\" \/>\n<meta name=\"twitter:card\" content=\"summary_large_image\" \/>\n<meta name=\"twitter:label1\" content=\"Gesch\u00e4tzte Lesezeit\" \/>\n\t<meta name=\"twitter:data1\" content=\"2\u00a0Minuten\" \/>\n<script type=\"application\/ld+json\" class=\"yoast-schema-graph\">{\"@context\":\"https:\/\/schema.org\",\"@graph\":[{\"@type\":\"WebSite\",\"@id\":\"https:\/\/trustedimplementation.com\/de\/#website\",\"url\":\"https:\/\/trustedimplementation.com\/de\/\",\"name\":\"trustedimplementation.com\",\"description\":\"\",\"potentialAction\":[{\"@type\":\"SearchAction\",\"target\":{\"@type\":\"EntryPoint\",\"urlTemplate\":\"https:\/\/trustedimplementation.com\/de\/?s={search_term_string}\"},\"query-input\":\"required name=search_term_string\"}],\"inLanguage\":\"de\"},{\"@type\":\"WebPage\",\"@id\":\"https:\/\/trustedimplementation.com\/de\/dienstleistungen\/produktion\/\",\"url\":\"https:\/\/trustedimplementation.com\/de\/dienstleistungen\/produktion\/\",\"name\":\"Produktion - trustedimplementation.com\",\"isPartOf\":{\"@id\":\"https:\/\/trustedimplementation.com\/de\/#website\"},\"datePublished\":\"2022-04-21T13:55:20+00:00\",\"dateModified\":\"2022-08-22T12:28:21+00:00\",\"breadcrumb\":{\"@id\":\"https:\/\/trustedimplementation.com\/de\/dienstleistungen\/produktion\/#breadcrumb\"},\"inLanguage\":\"de\",\"potentialAction\":[{\"@type\":\"ReadAction\",\"target\":[\"https:\/\/trustedimplementation.com\/de\/dienstleistungen\/produktion\/\"]}]},{\"@type\":\"BreadcrumbList\",\"@id\":\"https:\/\/trustedimplementation.com\/de\/dienstleistungen\/produktion\/#breadcrumb\",\"itemListElement\":[{\"@type\":\"ListItem\",\"position\":1,\"name\":\"Home\",\"item\":\"https:\/\/trustedimplementation.com\/de\/\"},{\"@type\":\"ListItem\",\"position\":2,\"name\":\"Dienstleistungen\",\"item\":\"https:\/\/trustedimplementation.com\/dienstleistungen\/\"},{\"@type\":\"ListItem\",\"position\":3,\"name\":\"Produktion\"}]}]}<\/script>\n<!-- \/ Yoast SEO plugin. -->","yoast_head_json":{"title":"Produktion - trustedimplementation.com","robots":{"index":"index","follow":"follow","max-snippet":"max-snippet:-1","max-image-preview":"max-image-preview:large","max-video-preview":"max-video-preview:-1"},"canonical":"https:\/\/trustedimplementation.com\/de\/dienstleistungen\/produktion\/","og_locale":"de_DE","og_type":"article","og_title":"Produktion - trustedimplementation.com","og_description":"[vc_row gap=&#8220;35&#8243;][vc_column width=&#8220;1\/4&#8243; offset=&#8220;vc_hidden-sm vc_hidden-xs&#8220;][\/vc_column][vc_column offset=&#8220;vc_col-md-9&#8243;][vc_column_text] Produktion In unserem modernen und bestens ausger\u00fcsteten Werk wird eine breite Palette von Bearbei-tungs- und Oberfl\u00e4chenbehandlungsverfahren angewendet. Hier findet sich alles, was f\u00fcr die pro-fessionelle Ausf\u00fchrung Ihrer Auftr\u00e4ge erforderlich ist: Von einer gro\u00dfen Anzahl manueller Anlagen bis hin zu den modernsten CNC-Bearbeitungsmaschinen &#8211; unser Unternehmen ist ein Musterbe-trieb von&hellip;","og_url":"https:\/\/trustedimplementation.com\/de\/dienstleistungen\/produktion\/","og_site_name":"trustedimplementation.com","article_modified_time":"2022-08-22T12:28:21+00:00","og_image":[{"width":600,"height":844,"url":"http:\/\/trustedimplementation.com\/wp-content\/uploads\/2022\/05\/gyartas-01.jpg","type":"image\/jpeg"}],"twitter_card":"summary_large_image","twitter_misc":{"Gesch\u00e4tzte Lesezeit":"2\u00a0Minuten"},"schema":{"@context":"https:\/\/schema.org","@graph":[{"@type":"WebSite","@id":"https:\/\/trustedimplementation.com\/de\/#website","url":"https:\/\/trustedimplementation.com\/de\/","name":"trustedimplementation.com","description":"","potentialAction":[{"@type":"SearchAction","target":{"@type":"EntryPoint","urlTemplate":"https:\/\/trustedimplementation.com\/de\/?s={search_term_string}"},"query-input":"required name=search_term_string"}],"inLanguage":"de"},{"@type":"WebPage","@id":"https:\/\/trustedimplementation.com\/de\/dienstleistungen\/produktion\/","url":"https:\/\/trustedimplementation.com\/de\/dienstleistungen\/produktion\/","name":"Produktion - trustedimplementation.com","isPartOf":{"@id":"https:\/\/trustedimplementation.com\/de\/#website"},"datePublished":"2022-04-21T13:55:20+00:00","dateModified":"2022-08-22T12:28:21+00:00","breadcrumb":{"@id":"https:\/\/trustedimplementation.com\/de\/dienstleistungen\/produktion\/#breadcrumb"},"inLanguage":"de","potentialAction":[{"@type":"ReadAction","target":["https:\/\/trustedimplementation.com\/de\/dienstleistungen\/produktion\/"]}]},{"@type":"BreadcrumbList","@id":"https:\/\/trustedimplementation.com\/de\/dienstleistungen\/produktion\/#breadcrumb","itemListElement":[{"@type":"ListItem","position":1,"name":"Home","item":"https:\/\/trustedimplementation.com\/de\/"},{"@type":"ListItem","position":2,"name":"Dienstleistungen","item":"https:\/\/trustedimplementation.com\/dienstleistungen\/"},{"@type":"ListItem","position":3,"name":"Produktion"}]}]}},"_links":{"self":[{"href":"https:\/\/trustedimplementation.com\/de\/wp-json\/wp\/v2\/pages\/1738"}],"collection":[{"href":"https:\/\/trustedimplementation.com\/de\/wp-json\/wp\/v2\/pages"}],"about":[{"href":"https:\/\/trustedimplementation.com\/de\/wp-json\/wp\/v2\/types\/page"}],"author":[{"embeddable":true,"href":"https:\/\/trustedimplementation.com\/de\/wp-json\/wp\/v2\/users\/1"}],"replies":[{"embeddable":true,"href":"https:\/\/trustedimplementation.com\/de\/wp-json\/wp\/v2\/comments?post=1738"}],"version-history":[{"count":8,"href":"https:\/\/trustedimplementation.com\/de\/wp-json\/wp\/v2\/pages\/1738\/revisions"}],"predecessor-version":[{"id":1791,"href":"https:\/\/trustedimplementation.com\/de\/wp-json\/wp\/v2\/pages\/1738\/revisions\/1791"}],"up":[{"embeddable":true,"href":"https:\/\/trustedimplementation.com\/de\/wp-json\/wp\/v2\/pages\/1732"}],"wp:featuredmedia":[{"embeddable":true,"href":"https:\/\/trustedimplementation.com\/de\/wp-json\/wp\/v2\/media\/1460"}],"wp:attachment":[{"href":"https:\/\/trustedimplementation.com\/de\/wp-json\/wp\/v2\/media?parent=1738"}],"curies":[{"name":"wp","href":"https:\/\/api.w.org\/{rel}","templated":true}]}}