{"id":1713,"date":"2022-04-21T13:30:10","date_gmt":"2022-04-21T11:30:10","guid":{"rendered":"http:\/\/trustedimplementation.com\/unternehmensgeschichte\/"},"modified":"2022-08-19T15:47:04","modified_gmt":"2022-08-19T13:47:04","slug":"unternehmensgeschichte","status":"publish","type":"page","link":"https:\/\/trustedimplementation.com\/de\/unternehmensgeschichte\/","title":{"rendered":"Unternehmensgeschichte"},"content":{"rendered":"<p>[vc_row][vc_column width=&#8220;1\/3&#8243; offset=&#8220;vc_col-sm-offset-1&#8243; css=&#8220;.vc_custom_1650623763284{margin-bottom: 40px !important;}&#8220;]<style type=\"text\/css\" data-type=\"the7_shortcodes-inline-css\">.shortcode-single-image-wrap.shortcode-single-image-1e60321ec2baf733e8d8515fcc17de4a.enable-bg-rollover .rollover i,\n.shortcode-single-image-wrap.shortcode-single-image-1e60321ec2baf733e8d8515fcc17de4a.enable-bg-rollover .rollover-video i {\n  background: -webkit-linear-gradient();\n  background: linear-gradient();\n}\n.shortcode-single-image-wrap.shortcode-single-image-1e60321ec2baf733e8d8515fcc17de4a .rollover-icon {\n  font-size: 32px;\n  color: #ffffff;\n  min-width: 44px;\n  min-height: 44px;\n  line-height: 44px;\n  border-radius: 100px;\n  border-style: solid;\n  border-width: 0px;\n}\n.dt-icon-bg-on.shortcode-single-image-wrap.shortcode-single-image-1e60321ec2baf733e8d8515fcc17de4a .rollover-icon {\n  background: rgba(255,255,255,0.3);\n  box-shadow: none;\n}\n<\/style><div class=\"shortcode-single-image-wrap shortcode-single-image-1e60321ec2baf733e8d8515fcc17de4a alignnone fadeInDownBig animate-element  enable-bg-rollover dt-icon-bg-off\" style=\"margin-top:0px; margin-bottom:0px; margin-left:0px; margin-right:0px;\"><div class=\"shortcode-single-image pic-01\"><div class=\"fancy-media-wrap\" style=\"\"><img class=\"preload-me\" src=\"https:\/\/trustedimplementation.com\/wp-content\/uploads\/2022\/05\/trustedimplementation-szakmai-hatter-01.jpg\" srcset=\"https:\/\/trustedimplementation.com\/wp-content\/uploads\/2022\/05\/trustedimplementation-szakmai-hatter-01.jpg 1000w\" sizes=\"1000px\" width=\"1000\" height=\"1476\"  data-dt-location=\"https:\/\/trustedimplementation.com\/de\/professional-background\/trustedimplementation-szakmai-hatter-01\/\" style=\"\" alt=\"\" \/><\/div><\/div><\/div><style type=\"text\/css\" data-type=\"the7_shortcodes-inline-css\">.shortcode-single-image-wrap.shortcode-single-image-9de1665c3a519daccfd94fa4c9807117.enable-bg-rollover .rollover i,\n.shortcode-single-image-wrap.shortcode-single-image-9de1665c3a519daccfd94fa4c9807117.enable-bg-rollover .rollover-video i {\n  background: -webkit-linear-gradient();\n  background: linear-gradient();\n}\n.shortcode-single-image-wrap.shortcode-single-image-9de1665c3a519daccfd94fa4c9807117 .rollover-icon {\n  font-size: 32px;\n  color: #ffffff;\n  min-width: 44px;\n  min-height: 44px;\n  line-height: 44px;\n  border-radius: 100px;\n  border-style: solid;\n  border-width: 0px;\n}\n.dt-icon-bg-on.shortcode-single-image-wrap.shortcode-single-image-9de1665c3a519daccfd94fa4c9807117 .rollover-icon {\n  background: rgba(255,255,255,0.3);\n  box-shadow: none;\n}\n<\/style><div class=\"shortcode-single-image-wrap shortcode-single-image-9de1665c3a519daccfd94fa4c9807117 alignnone fadeInDownBig animate-element  enable-bg-rollover dt-icon-bg-off\" style=\"margin-top:0px; margin-bottom:0px; margin-left:0px; margin-right:0px;\"><div class=\"shortcode-single-image pic-02 js-text-parallax\"><div class=\"fancy-media-wrap\" style=\"\"><img class=\"preload-me\" src=\"https:\/\/trustedimplementation.com\/wp-content\/uploads\/2022\/05\/szakmai-hatter-03.jpg\" srcset=\"https:\/\/trustedimplementation.com\/wp-content\/uploads\/2022\/05\/szakmai-hatter-03.jpg 614w\" sizes=\"614px\" width=\"614\" height=\"795\"  data-dt-location=\"https:\/\/trustedimplementation.com\/de\/professional-background\/szakmai-hatter-03\/\" style=\"\" alt=\"\" \/><\/div><\/div><\/div>[\/vc_column][vc_column width=&#8220;1\/2&#8243; offset=&#8220;vc_col-sm-offset-1&#8243;][vc_column_text]<\/p>\n<h1>Unternehmens\u00ad<span style=\"color: #333333;\">geschichte<\/span><\/h1>\n<p>[\/vc_column_text][vc_column_text css_animation=&#8220;fadeIn&#8220; css=&#8220;.vc_custom_1657868006118{border-left-width: 6px !important;padding-left: 20px !important;border-left-color: #e74d47 !important;border-left-style: solid !important;}&#8220;]<strong>Die Strategie von TRUSTED, bzw. des Vorg\u00e4ngerunternehmens EKI Creative Kft., die bei der Gr\u00fcn-dung des Unternehmens im Jahr 2003 festgelegt wurde, sah eine Positionierung zwischen klassi-scher Werbeagentur und produzierendem Gewerbe vor. Dies sollte, f\u00fcr den Kunden den Vorteil bringen, dass das Unternehmen den gesamten Planungs- und Herstellungsprozess von Point-of-Sale-Werbematerialien und -mitteln aus einer Hand anbieten kann. Dadurch er\u00f6ffneten sich indivi-duelle M\u00f6glichkeiten, wie zum Beispiel die parallele Entwicklung von Herstellungstechnologien, sowie graphischer- und sonstiger Planungsprozesse, welche langfristig ein Garant f\u00fcr h\u00f6chste Qua-lit\u00e4t und fortschrittliche technologische L\u00f6sungen sind.<\/strong>[\/vc_column_text][vc_column_text css_animation=&#8220;fadeIn&#8220;]Ein weiterer, entscheidender Schritt f\u00fcr die erfolgreiche Entwicklung des Unternehmens war der Einstieg in das internationale Segment f\u00fcr Luxusmarken der Uhren- und Schmuckindustrie. Der erfolgreiche Beginn, welcher sich schnell anhand der Exportbestellungen nachweisen lie\u00df, hat auch das Unternehmen selbst weitergebracht. Die Partnerkontakte auf diesen exklusiven M\u00e4rkten, die nun bereits seit mehr als einem Jahrzehnt bestehen und sich best\u00e4ndig weiterentwickeln, sind ein deutlicher Beleg f\u00fcr unseren Kundenservice und die hochwertige Qualit\u00e4t unserer Produkte.<\/p>\n<p>Die Strategie, die Leistungen des Unternehmens sowohl auf dem ungarischen als auch dem inter-nationalen Luxusmarkt zu platzieren, hat sich besonders in der Wirtschaftskrise im Jahr 2008 f\u00fcr das damals noch junge Unternehmen ausgezahlt. Ein weiterer, wichtige Erfolgsfaktoren sind und blei-ben unsere flexiblen Herstellungskapazit\u00e4ten und das breite Technologiespektrum. Dadurch ist es und m\u00f6glich Auftr\u00e4ge individuell zu bearbeiten und gleichzeitig Projekte, wie die Einrichtung einer gesamten Ladenkette, zu planen und umzusetzen. Mit der Erfahrung in der Einzel-, Klein- und Gro\u00dfserienfertigung sind wir in der Lage, Projekte unabh\u00e4ngig vom Umfang des Auftrags, nach den Vorstellungen des Kunden zu planen, optimal zu budgetieren sowie bis zur Montage vor Ort, zu realisieren.<\/p>\n<p>In den 2010-er Jahren ist es unserem Unternehmen gelungen, die Ums\u00e4tze, die Zahl der Besch\u00e4f-tigten und die Anzahl der Partner kontinuierlich zu steigern und weiter auszubauen. Um den An-forderungen unserer Kunden zuverl\u00e4ssig gerecht werden zu k\u00f6nnen, wurde ein neues Headquar-ter er\u00f6ffnet. Damit gew\u00e4hrleisten wir, dass sich von der Planung, bis hin zur Herstellung unserer Werbemittel, weiterhin alles unter einem Dach befindet.<\/p>\n<p>Die gesch\u00e4ftliche Entwicklung ab dem Fr\u00fchjahr 2020 war f\u00fcr das Unternehmen trotz des Ausbruchs der Pandemie, entgegen dem Markttrend, positiv und konnte f\u00fcr die Weiterentwicklung des Un-ternehmens genutzt werden. Die anhaltende und gestiegene Kaufkraft im Premium- und Luxusbe-reich hat innerhalb des Unternehmens einen kr\u00e4ftigen Anstieg der Auftr\u00e4ge bewirkt. Dadurch war es uns m\u00f6glich sich in dieser Zeit auf den Ausbau dieses wichtigen Unternehmensbereichs kon-zentrieren zu k\u00f6nnen.[\/vc_column_text][\/vc_column][\/vc_row]<\/p>\n","protected":false},"excerpt":{"rendered":"<p>[vc_row][vc_column width=&#8220;1\/3&#8243; offset=&#8220;vc_col-sm-offset-1&#8243; css=&#8220;.vc_custom_1650623763284{margin-bottom: 40px !important;}&#8220;][\/vc_column][vc_column width=&#8220;1\/2&#8243; offset=&#8220;vc_col-sm-offset-1&#8243;][vc_column_text] Unternehmens\u00adgeschichte [\/vc_column_text][vc_column_text css_animation=&#8220;fadeIn&#8220; css=&#8220;.vc_custom_1657868006118{border-left-width: 6px !important;padding-left: 20px !important;border-left-color: #e74d47 !important;border-left-style: solid !important;}&#8220;]Die Strategie von TRUSTED, bzw. des Vorg\u00e4ngerunternehmens EKI Creative Kft., die bei der Gr\u00fcn-dung des Unternehmens im Jahr 2003 festgelegt wurde, sah eine Positionierung zwischen klassi-scher Werbeagentur und produzierendem Gewerbe vor. Dies sollte, f\u00fcr den Kunden&hellip;<\/p>\n","protected":false},"author":1,"featured_media":1585,"parent":0,"menu_order":0,"comment_status":"closed","ping_status":"closed","template":"","meta":{"inline_featured_image":false},"yoast_head":"<!-- This site is optimized with the Yoast SEO plugin v19.4 - https:\/\/yoast.com\/wordpress\/plugins\/seo\/ -->\n<title>Unternehmensgeschichte - trustedimplementation.com<\/title>\n<meta name=\"robots\" content=\"index, follow, max-snippet:-1, max-image-preview:large, max-video-preview:-1\" \/>\n<link rel=\"canonical\" href=\"https:\/\/trustedimplementation.com\/de\/unternehmensgeschichte\/\" \/>\n<meta property=\"og:locale\" content=\"de_DE\" \/>\n<meta property=\"og:type\" content=\"article\" \/>\n<meta property=\"og:title\" content=\"Unternehmensgeschichte - trustedimplementation.com\" \/>\n<meta property=\"og:description\" content=\"[vc_row][vc_column width=&#8220;1\/3&#8243; offset=&#8220;vc_col-sm-offset-1&#8243; css=&#8220;.vc_custom_1650623763284{margin-bottom: 40px !important;}&#8220;][\/vc_column][vc_column width=&#8220;1\/2&#8243; offset=&#8220;vc_col-sm-offset-1&#8243;][vc_column_text] Unternehmens\u00adgeschichte [\/vc_column_text][vc_column_text css_animation=&#8220;fadeIn&#8220; css=&#8220;.vc_custom_1657868006118{border-left-width: 6px !important;padding-left: 20px !important;border-left-color: #e74d47 !important;border-left-style: solid !important;}&#8220;]Die Strategie von TRUSTED, bzw. des Vorg\u00e4ngerunternehmens EKI Creative Kft., die bei der Gr\u00fcn-dung des Unternehmens im Jahr 2003 festgelegt wurde, sah eine Positionierung zwischen klassi-scher Werbeagentur und produzierendem Gewerbe vor. Dies sollte, f\u00fcr den Kunden&hellip;\" \/>\n<meta property=\"og:url\" content=\"https:\/\/trustedimplementation.com\/de\/unternehmensgeschichte\/\" \/>\n<meta property=\"og:site_name\" content=\"trustedimplementation.com\" \/>\n<meta property=\"article:modified_time\" content=\"2022-08-19T13:47:04+00:00\" \/>\n<meta property=\"og:image\" content=\"http:\/\/trustedimplementation.com\/wp-content\/uploads\/2022\/05\/szakmai-hatter-03.jpg\" \/>\n\t<meta property=\"og:image:width\" content=\"614\" \/>\n\t<meta property=\"og:image:height\" content=\"795\" \/>\n\t<meta property=\"og:image:type\" content=\"image\/jpeg\" \/>\n<meta name=\"twitter:card\" content=\"summary_large_image\" \/>\n<meta name=\"twitter:label1\" content=\"Gesch\u00e4tzte Lesezeit\" \/>\n\t<meta name=\"twitter:data1\" content=\"2\u00a0Minuten\" \/>\n<script type=\"application\/ld+json\" class=\"yoast-schema-graph\">{\"@context\":\"https:\/\/schema.org\",\"@graph\":[{\"@type\":\"WebSite\",\"@id\":\"https:\/\/trustedimplementation.com\/de\/#website\",\"url\":\"https:\/\/trustedimplementation.com\/de\/\",\"name\":\"trustedimplementation.com\",\"description\":\"\",\"potentialAction\":[{\"@type\":\"SearchAction\",\"target\":{\"@type\":\"EntryPoint\",\"urlTemplate\":\"https:\/\/trustedimplementation.com\/de\/?s={search_term_string}\"},\"query-input\":\"required name=search_term_string\"}],\"inLanguage\":\"de\"},{\"@type\":\"WebPage\",\"@id\":\"https:\/\/trustedimplementation.com\/de\/unternehmensgeschichte\/\",\"url\":\"https:\/\/trustedimplementation.com\/de\/unternehmensgeschichte\/\",\"name\":\"Unternehmensgeschichte - trustedimplementation.com\",\"isPartOf\":{\"@id\":\"https:\/\/trustedimplementation.com\/de\/#website\"},\"datePublished\":\"2022-04-21T11:30:10+00:00\",\"dateModified\":\"2022-08-19T13:47:04+00:00\",\"breadcrumb\":{\"@id\":\"https:\/\/trustedimplementation.com\/de\/unternehmensgeschichte\/#breadcrumb\"},\"inLanguage\":\"de\",\"potentialAction\":[{\"@type\":\"ReadAction\",\"target\":[\"https:\/\/trustedimplementation.com\/de\/unternehmensgeschichte\/\"]}]},{\"@type\":\"BreadcrumbList\",\"@id\":\"https:\/\/trustedimplementation.com\/de\/unternehmensgeschichte\/#breadcrumb\",\"itemListElement\":[{\"@type\":\"ListItem\",\"position\":1,\"name\":\"Home\",\"item\":\"https:\/\/trustedimplementation.com\/de\/\"},{\"@type\":\"ListItem\",\"position\":2,\"name\":\"Unternehmensgeschichte\"}]}]}<\/script>\n<!-- \/ Yoast SEO plugin. -->","yoast_head_json":{"title":"Unternehmensgeschichte - trustedimplementation.com","robots":{"index":"index","follow":"follow","max-snippet":"max-snippet:-1","max-image-preview":"max-image-preview:large","max-video-preview":"max-video-preview:-1"},"canonical":"https:\/\/trustedimplementation.com\/de\/unternehmensgeschichte\/","og_locale":"de_DE","og_type":"article","og_title":"Unternehmensgeschichte - trustedimplementation.com","og_description":"[vc_row][vc_column width=&#8220;1\/3&#8243; offset=&#8220;vc_col-sm-offset-1&#8243; css=&#8220;.vc_custom_1650623763284{margin-bottom: 40px !important;}&#8220;][\/vc_column][vc_column width=&#8220;1\/2&#8243; offset=&#8220;vc_col-sm-offset-1&#8243;][vc_column_text] Unternehmens\u00adgeschichte [\/vc_column_text][vc_column_text css_animation=&#8220;fadeIn&#8220; css=&#8220;.vc_custom_1657868006118{border-left-width: 6px !important;padding-left: 20px !important;border-left-color: #e74d47 !important;border-left-style: solid !important;}&#8220;]Die Strategie von TRUSTED, bzw. des Vorg\u00e4ngerunternehmens EKI Creative Kft., die bei der Gr\u00fcn-dung des Unternehmens im Jahr 2003 festgelegt wurde, sah eine Positionierung zwischen klassi-scher Werbeagentur und produzierendem Gewerbe vor. Dies sollte, f\u00fcr den Kunden&hellip;","og_url":"https:\/\/trustedimplementation.com\/de\/unternehmensgeschichte\/","og_site_name":"trustedimplementation.com","article_modified_time":"2022-08-19T13:47:04+00:00","og_image":[{"width":614,"height":795,"url":"http:\/\/trustedimplementation.com\/wp-content\/uploads\/2022\/05\/szakmai-hatter-03.jpg","type":"image\/jpeg"}],"twitter_card":"summary_large_image","twitter_misc":{"Gesch\u00e4tzte Lesezeit":"2\u00a0Minuten"},"schema":{"@context":"https:\/\/schema.org","@graph":[{"@type":"WebSite","@id":"https:\/\/trustedimplementation.com\/de\/#website","url":"https:\/\/trustedimplementation.com\/de\/","name":"trustedimplementation.com","description":"","potentialAction":[{"@type":"SearchAction","target":{"@type":"EntryPoint","urlTemplate":"https:\/\/trustedimplementation.com\/de\/?s={search_term_string}"},"query-input":"required name=search_term_string"}],"inLanguage":"de"},{"@type":"WebPage","@id":"https:\/\/trustedimplementation.com\/de\/unternehmensgeschichte\/","url":"https:\/\/trustedimplementation.com\/de\/unternehmensgeschichte\/","name":"Unternehmensgeschichte - trustedimplementation.com","isPartOf":{"@id":"https:\/\/trustedimplementation.com\/de\/#website"},"datePublished":"2022-04-21T11:30:10+00:00","dateModified":"2022-08-19T13:47:04+00:00","breadcrumb":{"@id":"https:\/\/trustedimplementation.com\/de\/unternehmensgeschichte\/#breadcrumb"},"inLanguage":"de","potentialAction":[{"@type":"ReadAction","target":["https:\/\/trustedimplementation.com\/de\/unternehmensgeschichte\/"]}]},{"@type":"BreadcrumbList","@id":"https:\/\/trustedimplementation.com\/de\/unternehmensgeschichte\/#breadcrumb","itemListElement":[{"@type":"ListItem","position":1,"name":"Home","item":"https:\/\/trustedimplementation.com\/de\/"},{"@type":"ListItem","position":2,"name":"Unternehmensgeschichte"}]}]}},"_links":{"self":[{"href":"https:\/\/trustedimplementation.com\/de\/wp-json\/wp\/v2\/pages\/1713"}],"collection":[{"href":"https:\/\/trustedimplementation.com\/de\/wp-json\/wp\/v2\/pages"}],"about":[{"href":"https:\/\/trustedimplementation.com\/de\/wp-json\/wp\/v2\/types\/page"}],"author":[{"embeddable":true,"href":"https:\/\/trustedimplementation.com\/de\/wp-json\/wp\/v2\/users\/1"}],"replies":[{"embeddable":true,"href":"https:\/\/trustedimplementation.com\/de\/wp-json\/wp\/v2\/comments?post=1713"}],"version-history":[{"count":3,"href":"https:\/\/trustedimplementation.com\/de\/wp-json\/wp\/v2\/pages\/1713\/revisions"}],"predecessor-version":[{"id":1773,"href":"https:\/\/trustedimplementation.com\/de\/wp-json\/wp\/v2\/pages\/1713\/revisions\/1773"}],"wp:featuredmedia":[{"embeddable":true,"href":"https:\/\/trustedimplementation.com\/de\/wp-json\/wp\/v2\/media\/1585"}],"wp:attachment":[{"href":"https:\/\/trustedimplementation.com\/de\/wp-json\/wp\/v2\/media?parent=1713"}],"curies":[{"name":"wp","href":"https:\/\/api.w.org\/{rel}","templated":true}]}}