{"id":1707,"date":"2022-04-21T13:32:32","date_gmt":"2022-04-21T11:32:32","guid":{"rendered":"http:\/\/trustedimplementation.com\/ueber-uns\/"},"modified":"2024-03-11T16:47:23","modified_gmt":"2024-03-11T14:47:23","slug":"ueber-uns","status":"publish","type":"page","link":"https:\/\/trustedimplementation.com\/de\/ueber-uns\/","title":{"rendered":"\u00dcber Uns"},"content":{"rendered":"<p>[vc_row content_placement=&#8220;middle&#8220;][vc_column width=&#8220;1\/3&#8243; offset=&#8220;vc_col-sm-offset-1&#8243; css=&#8220;.vc_custom_1650623763284{margin-bottom: 40px !important;}&#8220;]<style type=\"text\/css\" data-type=\"the7_shortcodes-inline-css\">.shortcode-single-image-wrap.shortcode-single-image-8a0380d3c1c672bca7c50af8c6b9cf9e.enable-bg-rollover .rollover i,\n.shortcode-single-image-wrap.shortcode-single-image-8a0380d3c1c672bca7c50af8c6b9cf9e.enable-bg-rollover .rollover-video i {\n  background: -webkit-linear-gradient();\n  background: linear-gradient();\n}\n.shortcode-single-image-wrap.shortcode-single-image-8a0380d3c1c672bca7c50af8c6b9cf9e .rollover-icon {\n  font-size: 32px;\n  color: #ffffff;\n  min-width: 44px;\n  min-height: 44px;\n  line-height: 44px;\n  border-radius: 100px;\n  border-style: solid;\n  border-width: 0px;\n}\n.dt-icon-bg-on.shortcode-single-image-wrap.shortcode-single-image-8a0380d3c1c672bca7c50af8c6b9cf9e .rollover-icon {\n  background: rgba(255,255,255,0.3);\n  box-shadow: none;\n}\n<\/style><div class=\"shortcode-single-image-wrap shortcode-single-image-8a0380d3c1c672bca7c50af8c6b9cf9e alignnone fadeInDownBig animate-element  enable-bg-rollover dt-icon-bg-off\" style=\"margin-top:0px; margin-bottom:0px; margin-left:0px; margin-right:0px;\"><div class=\"shortcode-single-image pic-01\"><div class=\"fancy-media-wrap\" style=\"\"><img class=\"preload-me\" src=\"https:\/\/trustedimplementation.com\/wp-content\/uploads\/2022\/05\/trustedimplementation-rolunk-01.jpg\" srcset=\"https:\/\/trustedimplementation.com\/wp-content\/uploads\/2022\/05\/trustedimplementation-rolunk-01.jpg 1000w\" sizes=\"1000px\" width=\"1000\" height=\"991\"  data-dt-location=\"https:\/\/trustedimplementation.com\/de\/about-us\/trustedimplementation-rolunk-01\/\" style=\"\" alt=\"\" \/><\/div><\/div><\/div>[vc_raw_html el_class=&#8220;video-01 js-text-parallax&#8220;]JTNDdmlkZW8lMjBhdXRvcGxheSUzRCUyMiUyMiUyMHBsYXlzaW5saW5lJTNEJTIyJTIyJTIwbXV0ZWQlM0QlMjIlMjIlMjBsb29wJTNEJTIyJTIyJTIwc3JjJTNEJTIyJTJGd3AtY29udGVudCUyRnVwbG9hZHMlMkYyMDI0JTJGMDMlMkZ0cnVzdGVkLWVwdWxldC5tcDQlMjIlMjB3aWR0aCUzRCUyMmF1dG8lMjIlMjBoZWlnaHQlM0QlMjJhdXRvJTIyJTIwYWx0JTNEJTIyJTIyJTNFJTNDJTJGdmlkZW8lM0U=[\/vc_raw_html][\/vc_column][vc_column width=&#8220;1\/2&#8243; offset=&#8220;vc_col-sm-offset-1&#8243;][vc_column_text]<\/p>\n<h1>Lernen sie <span style=\"color: #333333;\">uns kennen<\/span><\/h1>\n<p>[\/vc_column_text][vc_column_text css_animation=&#8220;fadeIn&#8220; css=&#8220;.vc_custom_1657867425499{border-left-width: 6px !important;padding-left: 20px !important;border-left-color: #e74d47 !important;border-left-style: solid !important;}&#8220;]<strong>Unser Leistungsportfolio erstreckt sich von der Beratung, \u00fcber die Gestaltung einfacher Schilder, auffallender Displays und anderer Werbemittel bis hin zum Design, Entwicklung, Herstellung und fachgerechter Montage von kompletten Ladeneinrichtungen.<\/strong><\/p>\n<p>Dank unserer professionellen Produktionsabwicklung und der ausgew\u00e4hlten, langj\u00e4hrigen Kontak-te zu unseren Lieferanten, gew\u00e4hrleisten wir gr\u00f6\u00dftm\u00f6gliche Flexibilit\u00e4t bei einem ausgezeichnetem Preis-\/Leistungsverh\u00e4ltnis.[\/vc_column_text][\/vc_column][\/vc_row][vc_row content_placement=&#8220;middle&#8220;][vc_column width=&#8220;5\/12&#8243; offset=&#8220;vc_col-sm-offset-1&#8243;][vc_column_text css_animation=&#8220;fadeIn&#8220;]Sowohl die Unternehmensleitung, als auch unsere Mitarbeiter verf\u00fcgen \u00fcber eine jahrzehntelange Berufserfahrung. Neue, junge Mitarbeiter erg\u00e4nzen unser Team perfekt. Sie bew\u00e4ltigen die tech-nischen Herausforderungen problemlos und bringen unser Team zukunftsorientiert weiter.<\/p>\n<p>Um unseren Kunden die bestm\u00f6gliche Qualit\u00e4t anbieten zu k\u00f6nnen, produzieren wir mit moderns-ten Technologien unter Einsatz hochwertigster Materialien. Aus diesem Grund haben wir unseren gesamten Maschinenpark im Jahr 2020 \u00fcberholt und im Rahmen einer Greenfield-Investition auf einer Fl\u00e4che von mehr als 2000 m2 erweitert. Nun stehen uns f\u00fcr die Realisierung Ihrer Projekte insgesamt mehr als 4000 m2 Produktionsfl\u00e4che zur Verf\u00fcgung.<\/p>\n<p>Wir w\u00fcrden uns sehr freuen Ihr Vertrauen zu gewinnen und Sie unterst\u00fctzen zu d\u00fcrfen!<br \/>\n[\/vc_column_text][\/vc_column][vc_column width=&#8220;1\/3&#8243; offset=&#8220;vc_col-sm-offset-2&#8243; css=&#8220;.vc_custom_1651748263489{margin-bottom: 40px !important;}&#8220;]<style type=\"text\/css\" data-type=\"the7_shortcodes-inline-css\">.shortcode-single-image-wrap.shortcode-single-image-d0cf2b1450e02362907ab4d794eaa869.enable-bg-rollover .rollover i,\n.shortcode-single-image-wrap.shortcode-single-image-d0cf2b1450e02362907ab4d794eaa869.enable-bg-rollover .rollover-video i {\n  background: -webkit-linear-gradient();\n  background: linear-gradient();\n}\n.shortcode-single-image-wrap.shortcode-single-image-d0cf2b1450e02362907ab4d794eaa869 .rollover-icon {\n  font-size: 32px;\n  color: #ffffff;\n  min-width: 44px;\n  min-height: 44px;\n  line-height: 44px;\n  border-radius: 100px;\n  border-style: solid;\n  border-width: 0px;\n}\n.dt-icon-bg-on.shortcode-single-image-wrap.shortcode-single-image-d0cf2b1450e02362907ab4d794eaa869 .rollover-icon {\n  background: rgba(255,255,255,0.3);\n  box-shadow: none;\n}\n<\/style><div class=\"shortcode-single-image-wrap shortcode-single-image-d0cf2b1450e02362907ab4d794eaa869 alignnone  enable-bg-rollover dt-icon-bg-off\" style=\"margin-top:0px; margin-bottom:0px; margin-left:0px; margin-right:0px;\"><div class=\"shortcode-single-image pic-01 vc_hidden-xs\"><div class=\"fancy-media-wrap\" style=\"\"><img class=\"preload-me\" src=\"https:\/\/trustedimplementation.com\/wp-content\/uploads\/2024\/03\/trusted-office.jpg\" srcset=\"https:\/\/trustedimplementation.com\/wp-content\/uploads\/2024\/03\/trusted-office.jpg 1000w\" sizes=\"1000px\" width=\"1000\" height=\"990\"  data-dt-location=\"https:\/\/trustedimplementation.com\/de\/ueber-uns\/trusted-office-2\/\" style=\"\" alt=\"\" \/><\/div><\/div><\/div><style type=\"text\/css\" data-type=\"the7_shortcodes-inline-css\">.shortcode-single-image-wrap.shortcode-single-image-607852ae9ab08e56aa258e19e74e2edf.enable-bg-rollover .rollover i,\n.shortcode-single-image-wrap.shortcode-single-image-607852ae9ab08e56aa258e19e74e2edf.enable-bg-rollover .rollover-video i {\n  background: -webkit-linear-gradient();\n  background: linear-gradient();\n}\n.shortcode-single-image-wrap.shortcode-single-image-607852ae9ab08e56aa258e19e74e2edf .rollover-icon {\n  font-size: 32px;\n  color: #ffffff;\n  min-width: 44px;\n  min-height: 44px;\n  line-height: 44px;\n  border-radius: 100px;\n  border-style: solid;\n  border-width: 0px;\n}\n.dt-icon-bg-on.shortcode-single-image-wrap.shortcode-single-image-607852ae9ab08e56aa258e19e74e2edf .rollover-icon {\n  background: rgba(255,255,255,0.3);\n  box-shadow: none;\n}\n<\/style><div class=\"shortcode-single-image-wrap shortcode-single-image-607852ae9ab08e56aa258e19e74e2edf alignnone  enable-bg-rollover dt-icon-bg-off\" style=\"margin-top:0px; margin-bottom:0px; margin-left:0px; margin-right:0px;\"><div class=\"shortcode-single-image pic-02 js-text-parallax\"><div class=\"fancy-media-wrap\" style=\"\"><img class=\"preload-me\" src=\"https:\/\/trustedimplementation.com\/wp-content\/uploads\/2024\/03\/trustedimplementation-rolunk.jpg\" srcset=\"https:\/\/trustedimplementation.com\/wp-content\/uploads\/2024\/03\/trustedimplementation-rolunk.jpg 1024w\" sizes=\"1024px\" width=\"1024\" height=\"768\"  data-dt-location=\"https:\/\/trustedimplementation.com\/de\/ueber-uns\/trustedimplementation-rolunk-2\/\" style=\"\" alt=\"\" \/><\/div><\/div><\/div>[\/vc_column][\/vc_row]<\/p>\n","protected":false},"excerpt":{"rendered":"<p>[vc_row content_placement=&#8220;middle&#8220;][vc_column width=&#8220;1\/3&#8243; offset=&#8220;vc_col-sm-offset-1&#8243; css=&#8220;.vc_custom_1650623763284{margin-bottom: 40px !important;}&#8220;][vc_raw_html el_class=&#8220;video-01 js-text-parallax&#8220;]JTNDdmlkZW8lMjBhdXRvcGxheSUzRCUyMiUyMiUyMHBsYXlzaW5saW5lJTNEJTIyJTIyJTIwbXV0ZWQlM0QlMjIlMjIlMjBsb29wJTNEJTIyJTIyJTIwc3JjJTNEJTIyJTJGd3AtY29udGVudCUyRnVwbG9hZHMlMkYyMDI0JTJGMDMlMkZ0cnVzdGVkLWVwdWxldC5tcDQlMjIlMjB3aWR0aCUzRCUyMmF1dG8lMjIlMjBoZWlnaHQlM0QlMjJhdXRvJTIyJTIwYWx0JTNEJTIyJTIyJTNFJTNDJTJGdmlkZW8lM0U=[\/vc_raw_html][\/vc_column][vc_column width=&#8220;1\/2&#8243; offset=&#8220;vc_col-sm-offset-1&#8243;][vc_column_text] Lernen sie uns kennen [\/vc_column_text][vc_column_text css_animation=&#8220;fadeIn&#8220; css=&#8220;.vc_custom_1657867425499{border-left-width: 6px !important;padding-left: 20px !important;border-left-color: #e74d47 !important;border-left-style: solid !important;}&#8220;]Unser Leistungsportfolio erstreckt sich von der Beratung, \u00fcber die Gestaltung einfacher Schilder, auffallender Displays und anderer Werbemittel bis hin zum Design, Entwicklung, Herstellung und fachgerechter Montage von kompletten Ladeneinrichtungen. Dank&hellip;<\/p>\n","protected":false},"author":1,"featured_media":0,"parent":0,"menu_order":0,"comment_status":"closed","ping_status":"closed","template":"","meta":{"inline_featured_image":false},"yoast_head":"<!-- This site is optimized with the Yoast SEO plugin v19.4 - https:\/\/yoast.com\/wordpress\/plugins\/seo\/ -->\n<title>\u00dcber Uns - trustedimplementation.com<\/title>\n<meta name=\"robots\" content=\"index, follow, max-snippet:-1, max-image-preview:large, max-video-preview:-1\" \/>\n<link rel=\"canonical\" href=\"https:\/\/trustedimplementation.com\/de\/ueber-uns\/\" \/>\n<meta property=\"og:locale\" content=\"de_DE\" \/>\n<meta property=\"og:type\" content=\"article\" \/>\n<meta property=\"og:title\" content=\"\u00dcber Uns - trustedimplementation.com\" \/>\n<meta property=\"og:description\" content=\"[vc_row content_placement=&#8220;middle&#8220;][vc_column width=&#8220;1\/3&#8243; offset=&#8220;vc_col-sm-offset-1&#8243; css=&#8220;.vc_custom_1650623763284{margin-bottom: 40px !important;}&#8220;][vc_raw_html el_class=&#8220;video-01 js-text-parallax&#8220;]JTNDdmlkZW8lMjBhdXRvcGxheSUzRCUyMiUyMiUyMHBsYXlzaW5saW5lJTNEJTIyJTIyJTIwbXV0ZWQlM0QlMjIlMjIlMjBsb29wJTNEJTIyJTIyJTIwc3JjJTNEJTIyJTJGd3AtY29udGVudCUyRnVwbG9hZHMlMkYyMDI0JTJGMDMlMkZ0cnVzdGVkLWVwdWxldC5tcDQlMjIlMjB3aWR0aCUzRCUyMmF1dG8lMjIlMjBoZWlnaHQlM0QlMjJhdXRvJTIyJTIwYWx0JTNEJTIyJTIyJTNFJTNDJTJGdmlkZW8lM0U=[\/vc_raw_html][\/vc_column][vc_column width=&#8220;1\/2&#8243; offset=&#8220;vc_col-sm-offset-1&#8243;][vc_column_text] Lernen sie uns kennen [\/vc_column_text][vc_column_text css_animation=&#8220;fadeIn&#8220; css=&#8220;.vc_custom_1657867425499{border-left-width: 6px !important;padding-left: 20px !important;border-left-color: #e74d47 !important;border-left-style: solid !important;}&#8220;]Unser Leistungsportfolio erstreckt sich von der Beratung, \u00fcber die Gestaltung einfacher Schilder, auffallender Displays und anderer Werbemittel bis hin zum Design, Entwicklung, Herstellung und fachgerechter Montage von kompletten Ladeneinrichtungen. Dank&hellip;\" \/>\n<meta property=\"og:url\" content=\"https:\/\/trustedimplementation.com\/de\/ueber-uns\/\" \/>\n<meta property=\"og:site_name\" content=\"trustedimplementation.com\" \/>\n<meta property=\"article:modified_time\" content=\"2024-03-11T14:47:23+00:00\" \/>\n<meta name=\"twitter:card\" content=\"summary_large_image\" \/>\n<meta name=\"twitter:label1\" content=\"Gesch\u00e4tzte Lesezeit\" \/>\n\t<meta name=\"twitter:data1\" content=\"1\u00a0Minute\" \/>\n<script type=\"application\/ld+json\" class=\"yoast-schema-graph\">{\"@context\":\"https:\/\/schema.org\",\"@graph\":[{\"@type\":\"WebSite\",\"@id\":\"https:\/\/trustedimplementation.com\/de\/#website\",\"url\":\"https:\/\/trustedimplementation.com\/de\/\",\"name\":\"trustedimplementation.com\",\"description\":\"\",\"potentialAction\":[{\"@type\":\"SearchAction\",\"target\":{\"@type\":\"EntryPoint\",\"urlTemplate\":\"https:\/\/trustedimplementation.com\/de\/?s={search_term_string}\"},\"query-input\":\"required name=search_term_string\"}],\"inLanguage\":\"de\"},{\"@type\":\"WebPage\",\"@id\":\"https:\/\/trustedimplementation.com\/de\/ueber-uns\/\",\"url\":\"https:\/\/trustedimplementation.com\/de\/ueber-uns\/\",\"name\":\"\u00dcber Uns - trustedimplementation.com\",\"isPartOf\":{\"@id\":\"https:\/\/trustedimplementation.com\/de\/#website\"},\"datePublished\":\"2022-04-21T11:32:32+00:00\",\"dateModified\":\"2024-03-11T14:47:23+00:00\",\"breadcrumb\":{\"@id\":\"https:\/\/trustedimplementation.com\/de\/ueber-uns\/#breadcrumb\"},\"inLanguage\":\"de\",\"potentialAction\":[{\"@type\":\"ReadAction\",\"target\":[\"https:\/\/trustedimplementation.com\/de\/ueber-uns\/\"]}]},{\"@type\":\"BreadcrumbList\",\"@id\":\"https:\/\/trustedimplementation.com\/de\/ueber-uns\/#breadcrumb\",\"itemListElement\":[{\"@type\":\"ListItem\",\"position\":1,\"name\":\"Home\",\"item\":\"https:\/\/trustedimplementation.com\/de\/\"},{\"@type\":\"ListItem\",\"position\":2,\"name\":\"\u00dcber Uns\"}]}]}<\/script>\n<!-- \/ Yoast SEO plugin. -->","yoast_head_json":{"title":"\u00dcber Uns - trustedimplementation.com","robots":{"index":"index","follow":"follow","max-snippet":"max-snippet:-1","max-image-preview":"max-image-preview:large","max-video-preview":"max-video-preview:-1"},"canonical":"https:\/\/trustedimplementation.com\/de\/ueber-uns\/","og_locale":"de_DE","og_type":"article","og_title":"\u00dcber Uns - trustedimplementation.com","og_description":"[vc_row content_placement=&#8220;middle&#8220;][vc_column width=&#8220;1\/3&#8243; offset=&#8220;vc_col-sm-offset-1&#8243; css=&#8220;.vc_custom_1650623763284{margin-bottom: 40px !important;}&#8220;][vc_raw_html el_class=&#8220;video-01 js-text-parallax&#8220;]JTNDdmlkZW8lMjBhdXRvcGxheSUzRCUyMiUyMiUyMHBsYXlzaW5saW5lJTNEJTIyJTIyJTIwbXV0ZWQlM0QlMjIlMjIlMjBsb29wJTNEJTIyJTIyJTIwc3JjJTNEJTIyJTJGd3AtY29udGVudCUyRnVwbG9hZHMlMkYyMDI0JTJGMDMlMkZ0cnVzdGVkLWVwdWxldC5tcDQlMjIlMjB3aWR0aCUzRCUyMmF1dG8lMjIlMjBoZWlnaHQlM0QlMjJhdXRvJTIyJTIwYWx0JTNEJTIyJTIyJTNFJTNDJTJGdmlkZW8lM0U=[\/vc_raw_html][\/vc_column][vc_column width=&#8220;1\/2&#8243; offset=&#8220;vc_col-sm-offset-1&#8243;][vc_column_text] Lernen sie uns kennen [\/vc_column_text][vc_column_text css_animation=&#8220;fadeIn&#8220; css=&#8220;.vc_custom_1657867425499{border-left-width: 6px !important;padding-left: 20px !important;border-left-color: #e74d47 !important;border-left-style: solid !important;}&#8220;]Unser Leistungsportfolio erstreckt sich von der Beratung, \u00fcber die Gestaltung einfacher Schilder, auffallender Displays und anderer Werbemittel bis hin zum Design, Entwicklung, Herstellung und fachgerechter Montage von kompletten Ladeneinrichtungen. Dank&hellip;","og_url":"https:\/\/trustedimplementation.com\/de\/ueber-uns\/","og_site_name":"trustedimplementation.com","article_modified_time":"2024-03-11T14:47:23+00:00","twitter_card":"summary_large_image","twitter_misc":{"Gesch\u00e4tzte Lesezeit":"1\u00a0Minute"},"schema":{"@context":"https:\/\/schema.org","@graph":[{"@type":"WebSite","@id":"https:\/\/trustedimplementation.com\/de\/#website","url":"https:\/\/trustedimplementation.com\/de\/","name":"trustedimplementation.com","description":"","potentialAction":[{"@type":"SearchAction","target":{"@type":"EntryPoint","urlTemplate":"https:\/\/trustedimplementation.com\/de\/?s={search_term_string}"},"query-input":"required name=search_term_string"}],"inLanguage":"de"},{"@type":"WebPage","@id":"https:\/\/trustedimplementation.com\/de\/ueber-uns\/","url":"https:\/\/trustedimplementation.com\/de\/ueber-uns\/","name":"\u00dcber Uns - trustedimplementation.com","isPartOf":{"@id":"https:\/\/trustedimplementation.com\/de\/#website"},"datePublished":"2022-04-21T11:32:32+00:00","dateModified":"2024-03-11T14:47:23+00:00","breadcrumb":{"@id":"https:\/\/trustedimplementation.com\/de\/ueber-uns\/#breadcrumb"},"inLanguage":"de","potentialAction":[{"@type":"ReadAction","target":["https:\/\/trustedimplementation.com\/de\/ueber-uns\/"]}]},{"@type":"BreadcrumbList","@id":"https:\/\/trustedimplementation.com\/de\/ueber-uns\/#breadcrumb","itemListElement":[{"@type":"ListItem","position":1,"name":"Home","item":"https:\/\/trustedimplementation.com\/de\/"},{"@type":"ListItem","position":2,"name":"\u00dcber Uns"}]}]}},"_links":{"self":[{"href":"https:\/\/trustedimplementation.com\/de\/wp-json\/wp\/v2\/pages\/1707"}],"collection":[{"href":"https:\/\/trustedimplementation.com\/de\/wp-json\/wp\/v2\/pages"}],"about":[{"href":"https:\/\/trustedimplementation.com\/de\/wp-json\/wp\/v2\/types\/page"}],"author":[{"embeddable":true,"href":"https:\/\/trustedimplementation.com\/de\/wp-json\/wp\/v2\/users\/1"}],"replies":[{"embeddable":true,"href":"https:\/\/trustedimplementation.com\/de\/wp-json\/wp\/v2\/comments?post=1707"}],"version-history":[{"count":5,"href":"https:\/\/trustedimplementation.com\/de\/wp-json\/wp\/v2\/pages\/1707\/revisions"}],"predecessor-version":[{"id":1884,"href":"https:\/\/trustedimplementation.com\/de\/wp-json\/wp\/v2\/pages\/1707\/revisions\/1884"}],"wp:attachment":[{"href":"https:\/\/trustedimplementation.com\/de\/wp-json\/wp\/v2\/media?parent=1707"}],"curies":[{"name":"wp","href":"https:\/\/api.w.org\/{rel}","templated":true}]}}